{"id":1832,"date":"2023-11-24T21:06:12","date_gmt":"2023-11-25T00:06:12","guid":{"rendered":"https:\/\/matiasgatti.com\/?page_id=1832"},"modified":"2026-01-16T18:31:40","modified_gmt":"2026-01-16T21:31:40","slug":"portfolio","status":"publish","type":"page","link":"https:\/\/matiasgatti.com\/en\/portfolio\/","title":{"rendered":"Portfolio"},"content":{"rendered":"<div style=\"height:30px\" aria-hidden=\"true\" class=\"wp-block-spacer\"><\/div>\n\n\n\n<div class=\"wp-block-columns alignwide has-small-font-size is-layout-flex wp-container-core-columns-is-layout-d0b3c9c8 wp-block-columns-is-layout-flex\">\n<div class=\"wp-block-column is-vertically-aligned-center is-layout-flow wp-block-column-is-layout-flow\">\n<div class=\"wp-block-buttons is-content-justification-center is-layout-flex wp-container-core-buttons-is-layout-72caf8c6 wp-block-buttons-is-layout-flex\">\n<div class=\"wp-block-button has-custom-width wp-block-button__width-100 is-style-outline is-style-outline--1\"><a class=\"wp-block-button__link has-custom-color-7-color has-custom-color-3-background-color has-text-color has-background has-link-color wp-element-button\" href=\"#mix&amp;master\">Mix &amp; master<\/a><\/div>\n<\/div>\n<\/div>\n\n\n\n<div class=\"wp-block-column is-vertically-aligned-center is-layout-flow wp-block-column-is-layout-flow\">\n<div class=\"wp-block-buttons is-content-justification-center is-layout-flex wp-container-core-buttons-is-layout-b5994976 wp-block-buttons-is-layout-flex\">\n<div class=\"wp-block-button has-custom-width wp-block-button__width-100 is-style-outline is-style-outline--2\"><a class=\"wp-block-button__link has-custom-color-7-color has-custom-color-3-background-color has-text-color has-background has-link-color wp-element-button\" href=\"#produ\" style=\"border-radius:100px\">Production<\/a><\/div>\n<\/div>\n<\/div>\n\n\n\n<div class=\"wp-block-column is-vertically-aligned-center is-layout-flow wp-block-column-is-layout-flow\">\n<div class=\"wp-block-buttons is-content-justification-center is-layout-flex wp-container-core-buttons-is-layout-b5994976 wp-block-buttons-is-layout-flex\">\n<div class=\"wp-block-button has-custom-width wp-block-button__width-100 is-style-outline is-style-outline--3\"><a class=\"wp-block-button__link has-custom-color-7-color has-custom-color-3-background-color has-text-color has-background has-link-color wp-element-button\" href=\"https:\/\/matiasgatti.com\/en\/contacto\/\" target=\"_blank\" rel=\"noreferrer noopener\">Contact<\/a><\/div>\n<\/div>\n<\/div>\n<\/div>\n\n\n\n<div class=\"wp-block-group alignwide has-global-padding is-layout-constrained wp-block-group-is-layout-constrained\">\n<hr class=\"wp-block-separator has-text-color has-custom-color-3-color has-alpha-channel-opacity has-custom-color-3-background-color has-background is-style-dots\"\/>\n\n\n\n<div class=\"wp-block-columns alignwide is-layout-flex wp-container-core-columns-is-layout-bfe50705 wp-block-columns-is-layout-flex\" style=\"padding-top:var(--wp--preset--spacing--40);padding-bottom:var(--wp--preset--spacing--40)\">\n<div class=\"wp-block-column is-layout-flow wp-block-column-is-layout-flow\">\n<h4 class=\"wp-block-heading alignwide has-text-align-center\" id=\"mix&amp;master\">MIXING &amp; MASTERING<\/h4>\n\n\n\n<hr class=\"wp-block-separator has-text-color has-custom-color-3-color has-alpha-channel-opacity has-custom-color-3-background-color has-background is-style-wide is-style-wide--4\"\/>\n\n\n\n<p>Here you can listen to various examples from different musical styles, of tracks mixed and mastered by me.<\/p>\n\n\n\n<p>In the art of mastering, I apply precise techniques such as limiting, compression, and harmonic distortion, aiming to achieve the optimal loudness level for leading streaming platforms like Spotify.<br><br>In mixing, I utilize standard tools (equalization, compression, reverb, delay) along with creative techniques like filters, amplifiers, chorus, among others. My goal is clear: to provide each track with what it needs, whether it's a powerful and straightforward mix or a more creative and unique experience.<\/p>\n<\/div>\n\n\n\n<div class=\"wp-block-column is-layout-flow wp-block-column-is-layout-flow\"><p><iframe loading=\"lazy\" width=\"100%\" height=\"450\" scrolling=\"no\" frameborder=\"no\" allow=\"autoplay\" src=\"https:\/\/w.soundcloud.com\/player\/?url=https%3A\/\/api.soundcloud.com\/playlists\/1720281675&amp;color=%23ff5300&amp;auto_play=false&amp;hide_related=false&amp;show_comments=true&amp;show_user=true&amp;show_reposts=false&amp;show_teaser=true\"><\/iframe><\/p>\n<\/div>\n<\/div>\n\n\n\n<div class=\"wp-block-columns alignwide is-layout-flex wp-container-core-columns-is-layout-bfe50705 wp-block-columns-is-layout-flex\" style=\"padding-top:var(--wp--preset--spacing--40);padding-bottom:var(--wp--preset--spacing--40)\">\n<div class=\"wp-block-column is-layout-flow wp-block-column-is-layout-flow\">\n<h4 class=\"wp-block-heading alignwide has-text-align-center\">MIXING &amp; MASTERING WORKS<\/h4>\n\n\n\n<hr class=\"wp-block-separator has-text-color has-custom-color-3-color has-alpha-channel-opacity has-custom-color-3-background-color has-background is-style-wide is-style-wide--5\"\/>\n\n\n\n<p>Explore some of my mixing and\/or mastering projects where I've collaborated with talented colleagues. Each song in this playlist reflects our collaborative effort and my contribution to highlight the musical essence of each piece. Discover the result of working together!<\/p>\n<\/div>\n\n\n\n<div class=\"wp-block-column is-layout-flow wp-block-column-is-layout-flow\"><p><iframe style=\"border-radius:12px\" src=\"https:\/\/open.spotify.com\/embed\/playlist\/5tIKqElld4DA5mt5TCbHQQ?utm_source=generator&amp;theme=0\" width=\"100%\" height=\"400\" frameborder=\"0\" allowfullscreen=\"\" allow=\"autoplay; clipboard-write; encrypted-media; fullscreen; picture-in-picture\" loading=\"lazy\"><\/iframe><\/p>\n<\/div>\n<\/div>\n\n\n\n<div class=\"wp-block-columns alignwide is-layout-flex wp-container-core-columns-is-layout-bfe50705 wp-block-columns-is-layout-flex\" style=\"padding-top:var(--wp--preset--spacing--40);padding-bottom:var(--wp--preset--spacing--40)\">\n<div class=\"wp-block-column is-layout-flow wp-block-column-is-layout-flow\">\n<h4 class=\"wp-block-heading alignwide has-text-align-center\" id=\"produ\">MUSIC PRODUCTIONS<\/h4>\n\n\n\n<hr class=\"wp-block-separator has-text-color has-custom-color-3-color has-alpha-channel-opacity has-custom-color-3-background-color has-background is-style-wide is-style-wide--6\"\/>\n\n\n\n<p>Explore my role as a music producer in this playlist, where my involvement spans production, recording and\/or instrument editing, session guitarist (also covering bass, keyboards, and percussion), and arrangement creation. Each song is a testament to my dedication to enhance and enrich the musical experience. I hope you enjoy the journey!<\/p>\n<\/div>\n\n\n\n<div class=\"wp-block-column is-layout-flow wp-block-column-is-layout-flow\"><p><iframe style=\"border-radius:12px\" src=\"https:\/\/open.spotify.com\/embed\/playlist\/01uezNurQb9SOOn185zdwI?utm_source=generator&amp;theme=0\" width=\"100%\" height=\"400\" frameborder=\"0\" allowfullscreen=\"\" allow=\"autoplay; clipboard-write; encrypted-media; fullscreen; picture-in-picture\" loading=\"lazy\"><\/iframe><\/p>\n<\/div>\n<\/div>\n<\/div>\n\n\n\n<div style=\"height:51px\" aria-hidden=\"true\" class=\"wp-block-spacer\"><\/div>","protected":false},"excerpt":{"rendered":"<p>MEZCLA &amp; MASTERING Aqu\u00ed puedes escuchar varios ejemplos, de diferentes estilos musicales, de temas mezclados y masterizados por mi. En el arte del mastering, aplico t\u00e9cnicas precisas como limitaci\u00f3n, compresi\u00f3n y distorsi\u00f3n arm\u00f3nica, buscando alcanzar el nivel de sonoridad \u00f3ptimo para plataformas de streaming l\u00edderes como Spotify. En la mezcla, utilizo recursos est\u00e1ndar (ecualizaci\u00f3n, compresi\u00f3n, [&hellip;]<\/p>\n","protected":false},"author":4,"featured_media":0,"parent":0,"menu_order":0,"comment_status":"closed","ping_status":"closed","template":"producci-n-audio","meta":{"footnotes":""},"class_list":["post-1832","page","type-page","status-publish","hentry"],"yoast_head":"<!-- This site is optimized with the Yoast SEO plugin v27.5 - https:\/\/yoast.com\/product\/yoast-seo-wordpress\/ -->\n<title>Producci\u00f3n Musical, Mezcla y Mastering | Mat\u00edas Gatti<\/title>\n<meta name=\"description\" content=\"Producci\u00f3n musical, mezcla y mastering para artistas. Escuch\u00e1 trabajos reales y contactame para tu proyecto.\" \/>\n<meta name=\"robots\" content=\"index, follow, max-snippet:-1, max-image-preview:large, max-video-preview:-1\" \/>\n<link rel=\"canonical\" href=\"https:\/\/matiasgatti.com\/en\/portfolio\/\" \/>\n<meta property=\"og:locale\" content=\"en_GB\" \/>\n<meta property=\"og:type\" content=\"article\" \/>\n<meta property=\"og:title\" content=\"Producci\u00f3n Musical, Mezcla y Mastering | Mat\u00edas Gatti\" \/>\n<meta property=\"og:description\" content=\"Producci\u00f3n musical, mezcla y mastering para artistas. Escuch\u00e1 trabajos reales y contactame para tu proyecto.\" \/>\n<meta property=\"og:url\" content=\"https:\/\/matiasgatti.com\/en\/portfolio\/\" \/>\n<meta property=\"og:site_name\" content=\"MATIAS GATTI\" \/>\n<meta property=\"article:modified_time\" content=\"2026-01-16T21:31:40+00:00\" \/>\n<meta name=\"twitter:card\" content=\"summary_large_image\" \/>\n<meta name=\"twitter:site\" content=\"@matgattimusica\" \/>\n<meta name=\"twitter:label1\" content=\"Estimated reading time\" \/>\n\t<meta name=\"twitter:data1\" content=\"4 minutes\" \/>\n<script type=\"application\/ld+json\" class=\"yoast-schema-graph\">{\"@context\":\"https:\\\/\\\/schema.org\",\"@graph\":[{\"@type\":\"WebPage\",\"@id\":\"https:\\\/\\\/matiasgatti.com\\\/portfolio\\\/\",\"url\":\"https:\\\/\\\/matiasgatti.com\\\/portfolio\\\/\",\"name\":\"Producci\u00f3n Musical, Mezcla y Mastering | Mat\u00edas Gatti\",\"isPartOf\":{\"@id\":\"https:\\\/\\\/matiasgatti.com\\\/#website\"},\"datePublished\":\"2023-11-25T00:06:12+00:00\",\"dateModified\":\"2026-01-16T21:31:40+00:00\",\"description\":\"Producci\u00f3n musical, mezcla y mastering para artistas. Escuch\u00e1 trabajos reales y contactame para tu proyecto.\",\"breadcrumb\":{\"@id\":\"https:\\\/\\\/matiasgatti.com\\\/portfolio\\\/#breadcrumb\"},\"inLanguage\":\"en-GB\",\"potentialAction\":[{\"@type\":\"ReadAction\",\"target\":[\"https:\\\/\\\/matiasgatti.com\\\/portfolio\\\/\"]}]},{\"@type\":\"BreadcrumbList\",\"@id\":\"https:\\\/\\\/matiasgatti.com\\\/portfolio\\\/#breadcrumb\",\"itemListElement\":[{\"@type\":\"ListItem\",\"position\":1,\"name\":\"Portada\",\"item\":\"https:\\\/\\\/matiasgatti.com\\\/\"},{\"@type\":\"ListItem\",\"position\":2,\"name\":\"Portfolio\"}]},{\"@type\":\"WebSite\",\"@id\":\"https:\\\/\\\/matiasgatti.com\\\/#website\",\"url\":\"https:\\\/\\\/matiasgatti.com\\\/\",\"name\":\"MATIAS GATTI\",\"description\":\"M\u00fasico e Ingeniero de Audio\",\"publisher\":{\"@id\":\"https:\\\/\\\/matiasgatti.com\\\/#\\\/schema\\\/person\\\/4cde0e2e2382cd525fd95844831030b6\"},\"potentialAction\":[{\"@type\":\"SearchAction\",\"target\":{\"@type\":\"EntryPoint\",\"urlTemplate\":\"https:\\\/\\\/matiasgatti.com\\\/?s={search_term_string}\"},\"query-input\":{\"@type\":\"PropertyValueSpecification\",\"valueRequired\":true,\"valueName\":\"search_term_string\"}}],\"inLanguage\":\"en-GB\"},{\"@type\":[\"Person\",\"Organization\"],\"@id\":\"https:\\\/\\\/matiasgatti.com\\\/#\\\/schema\\\/person\\\/4cde0e2e2382cd525fd95844831030b6\",\"name\":\"Mat\u00edas Gatti\",\"image\":{\"@type\":\"ImageObject\",\"inLanguage\":\"en-GB\",\"@id\":\"https:\\\/\\\/i0.wp.com\\\/matiasgatti.com\\\/wp-content\\\/uploads\\\/2019\\\/11\\\/cropped-cropped-cropped-img_7424-7.jpg?fit=1723%2C969&ssl=1\",\"url\":\"https:\\\/\\\/i0.wp.com\\\/matiasgatti.com\\\/wp-content\\\/uploads\\\/2019\\\/11\\\/cropped-cropped-cropped-img_7424-7.jpg?fit=1723%2C969&ssl=1\",\"contentUrl\":\"https:\\\/\\\/i0.wp.com\\\/matiasgatti.com\\\/wp-content\\\/uploads\\\/2019\\\/11\\\/cropped-cropped-cropped-img_7424-7.jpg?fit=1723%2C969&ssl=1\",\"width\":1723,\"height\":969,\"caption\":\"Mat\u00edas Gatti\"},\"logo\":{\"@id\":\"https:\\\/\\\/i0.wp.com\\\/matiasgatti.com\\\/wp-content\\\/uploads\\\/2019\\\/11\\\/cropped-cropped-cropped-img_7424-7.jpg?fit=1723%2C969&ssl=1\"}}]}<\/script>\n<!-- \/ Yoast SEO plugin. -->","yoast_head_json":{"title":"Producci\u00f3n Musical, Mezcla y Mastering | Mat\u00edas Gatti","description":"Producci\u00f3n musical, mezcla y mastering para artistas. Escuch\u00e1 trabajos reales y contactame para tu proyecto.","robots":{"index":"index","follow":"follow","max-snippet":"max-snippet:-1","max-image-preview":"max-image-preview:large","max-video-preview":"max-video-preview:-1"},"canonical":"https:\/\/matiasgatti.com\/en\/portfolio\/","og_locale":"en_GB","og_type":"article","og_title":"Producci\u00f3n Musical, Mezcla y Mastering | Mat\u00edas Gatti","og_description":"Producci\u00f3n musical, mezcla y mastering para artistas. Escuch\u00e1 trabajos reales y contactame para tu proyecto.","og_url":"https:\/\/matiasgatti.com\/en\/portfolio\/","og_site_name":"MATIAS GATTI","article_modified_time":"2026-01-16T21:31:40+00:00","twitter_card":"summary_large_image","twitter_site":"@matgattimusica","twitter_misc":{"Estimated reading time":"4 minutes"},"schema":{"@context":"https:\/\/schema.org","@graph":[{"@type":"WebPage","@id":"https:\/\/matiasgatti.com\/portfolio\/","url":"https:\/\/matiasgatti.com\/portfolio\/","name":"Producci\u00f3n Musical, Mezcla y Mastering | Mat\u00edas Gatti","isPartOf":{"@id":"https:\/\/matiasgatti.com\/#website"},"datePublished":"2023-11-25T00:06:12+00:00","dateModified":"2026-01-16T21:31:40+00:00","description":"Producci\u00f3n musical, mezcla y mastering para artistas. Escuch\u00e1 trabajos reales y contactame para tu proyecto.","breadcrumb":{"@id":"https:\/\/matiasgatti.com\/portfolio\/#breadcrumb"},"inLanguage":"en-GB","potentialAction":[{"@type":"ReadAction","target":["https:\/\/matiasgatti.com\/portfolio\/"]}]},{"@type":"BreadcrumbList","@id":"https:\/\/matiasgatti.com\/portfolio\/#breadcrumb","itemListElement":[{"@type":"ListItem","position":1,"name":"Portada","item":"https:\/\/matiasgatti.com\/"},{"@type":"ListItem","position":2,"name":"Portfolio"}]},{"@type":"WebSite","@id":"https:\/\/matiasgatti.com\/#website","url":"https:\/\/matiasgatti.com\/","name":"MATIAS GATTI","description":"Musician and Audio Engineer","publisher":{"@id":"https:\/\/matiasgatti.com\/#\/schema\/person\/4cde0e2e2382cd525fd95844831030b6"},"potentialAction":[{"@type":"SearchAction","target":{"@type":"EntryPoint","urlTemplate":"https:\/\/matiasgatti.com\/?s={search_term_string}"},"query-input":{"@type":"PropertyValueSpecification","valueRequired":true,"valueName":"search_term_string"}}],"inLanguage":"en-GB"},{"@type":["Person","Organization"],"@id":"https:\/\/matiasgatti.com\/#\/schema\/person\/4cde0e2e2382cd525fd95844831030b6","name":"Mat\u00edas Gatti","image":{"@type":"ImageObject","inLanguage":"en-GB","@id":"https:\/\/i0.wp.com\/matiasgatti.com\/wp-content\/uploads\/2019\/11\/cropped-cropped-cropped-img_7424-7.jpg?fit=1723%2C969&ssl=1","url":"https:\/\/i0.wp.com\/matiasgatti.com\/wp-content\/uploads\/2019\/11\/cropped-cropped-cropped-img_7424-7.jpg?fit=1723%2C969&ssl=1","contentUrl":"https:\/\/i0.wp.com\/matiasgatti.com\/wp-content\/uploads\/2019\/11\/cropped-cropped-cropped-img_7424-7.jpg?fit=1723%2C969&ssl=1","width":1723,"height":969,"caption":"Mat\u00edas Gatti"},"logo":{"@id":"https:\/\/i0.wp.com\/matiasgatti.com\/wp-content\/uploads\/2019\/11\/cropped-cropped-cropped-img_7424-7.jpg?fit=1723%2C969&ssl=1"}}]}},"jetpack_shortlink":"https:\/\/wp.me\/PcgS0M-ty","jetpack_sharing_enabled":true,"_links":{"self":[{"href":"https:\/\/matiasgatti.com\/en\/wp-json\/wp\/v2\/pages\/1832","targetHints":{"allow":["GET"]}}],"collection":[{"href":"https:\/\/matiasgatti.com\/en\/wp-json\/wp\/v2\/pages"}],"about":[{"href":"https:\/\/matiasgatti.com\/en\/wp-json\/wp\/v2\/types\/page"}],"author":[{"embeddable":true,"href":"https:\/\/matiasgatti.com\/en\/wp-json\/wp\/v2\/users\/4"}],"replies":[{"embeddable":true,"href":"https:\/\/matiasgatti.com\/en\/wp-json\/wp\/v2\/comments?post=1832"}],"version-history":[{"count":190,"href":"https:\/\/matiasgatti.com\/en\/wp-json\/wp\/v2\/pages\/1832\/revisions"}],"predecessor-version":[{"id":2993,"href":"https:\/\/matiasgatti.com\/en\/wp-json\/wp\/v2\/pages\/1832\/revisions\/2993"}],"wp:attachment":[{"href":"https:\/\/matiasgatti.com\/en\/wp-json\/wp\/v2\/media?parent=1832"}],"curies":[{"name":"wp","href":"https:\/\/api.w.org\/{rel}","templated":true}]}}