{"id":19,"date":"2017-10-16T18:25:44","date_gmt":"2017-10-16T18:25:44","guid":{"rendered":"https:\/\/matiasgatti.wordpress.com\/?page_id=3"},"modified":"2026-01-15T12:47:56","modified_gmt":"2026-01-15T15:47:56","slug":"contacto","status":"publish","type":"page","link":"https:\/\/matiasgatti.com\/en\/contacto\/","title":{"rendered":"CONTACTO"},"content":{"rendered":"<div class=\"wp-block-columns is-layout-flex wp-container-core-columns-is-layout-d0b3c9c8 wp-block-columns-is-layout-flex\">\n<div class=\"wp-block-column is-layout-flow wp-block-column-is-layout-flow\">\n<div class=\"wp-block-group is-vertical is-layout-flex wp-container-core-group-is-layout-965348f3 wp-block-group-is-layout-flex\" style=\"padding-top:var(--wp--preset--spacing--40)\">\n<div class=\"wp-block-jetpack-send-a-message\">\n<div class=\"wp-block-jetpack-whatsapp-button alignleft is-color-dark\"><a class=\"whatsapp-block__button\" href=\"https:\/\/api.whatsapp.com\/send?phone=5491130816440&amp;text=Hola%2C%20tengo%20tu%20informaci%C3%B3n%20de%20WhatsApp%20de%20tu%20web.\" style=\"background-color:#25D366;color:#fff\" target=\"_self\" rel=\"noopener noreferrer\">WhatsApp Chat<\/a><\/div>\n<\/div>\n\n\n\n<hr class=\"wp-block-separator has-text-color has-custom-color-3-color has-alpha-channel-opacity has-custom-color-3-background-color has-background\"\/>\n\n\n\n<h3 class=\"wp-block-heading\">Para propuestas, proyectos o consultas m\u00e1s detalladas, tambi\u00e9n pod\u00e9s escribir a:<\/h3>\n\n\n\n<p>Mail: matiasgattimusica@gmail.com<\/p>\n\n\n\n<p>Celular<strong>:<\/strong>&nbsp;+54 011 15 30816440<\/p>\n\n\n\n<p>Respondo personalmente todos los mensajes \ud83d\udc4d<\/p>\n<\/div>\n<\/div>\n\n\n\n<div class=\"wp-block-column is-layout-flow wp-block-column-is-layout-flow\">\n<figure class=\"wp-block-image size-large\"><img data-recalc-dims=\"1\" loading=\"lazy\" decoding=\"async\" width=\"1024\" height=\"1017\" data-attachment-id=\"3144\" data-permalink=\"https:\/\/matiasgatti.com\/en\/contacto\/sent-message-cuate-2\/\" data-orig-file=\"https:\/\/i0.wp.com\/matiasgatti.com\/wp-content\/uploads\/2026\/01\/Sent-Message-cuate-1.png?fit=1726%2C1714&amp;ssl=1\" data-orig-size=\"1726,1714\" data-comments-opened=\"0\" data-image-meta=\"{&quot;aperture&quot;:&quot;0&quot;,&quot;credit&quot;:&quot;&quot;,&quot;camera&quot;:&quot;&quot;,&quot;caption&quot;:&quot;&quot;,&quot;created_timestamp&quot;:&quot;0&quot;,&quot;copyright&quot;:&quot;&quot;,&quot;focal_length&quot;:&quot;0&quot;,&quot;iso&quot;:&quot;0&quot;,&quot;shutter_speed&quot;:&quot;0&quot;,&quot;title&quot;:&quot;&quot;,&quot;orientation&quot;:&quot;0&quot;}\" data-image-title=\"Sent Message-cuate\" data-image-description=\"\" data-image-caption=\"\" data-large-file=\"https:\/\/i0.wp.com\/matiasgatti.com\/wp-content\/uploads\/2026\/01\/Sent-Message-cuate-1.png?fit=1024%2C1017&amp;ssl=1\" src=\"https:\/\/i0.wp.com\/matiasgatti.com\/wp-content\/uploads\/2026\/01\/Sent-Message-cuate-1.png?resize=1024%2C1017&#038;ssl=1\" alt=\"\" class=\"wp-image-3144\" srcset=\"https:\/\/i0.wp.com\/matiasgatti.com\/wp-content\/uploads\/2026\/01\/Sent-Message-cuate-1.png?resize=1024%2C1017&amp;ssl=1 1024w, https:\/\/i0.wp.com\/matiasgatti.com\/wp-content\/uploads\/2026\/01\/Sent-Message-cuate-1.png?resize=300%2C298&amp;ssl=1 300w, https:\/\/i0.wp.com\/matiasgatti.com\/wp-content\/uploads\/2026\/01\/Sent-Message-cuate-1.png?resize=150%2C150&amp;ssl=1 150w, https:\/\/i0.wp.com\/matiasgatti.com\/wp-content\/uploads\/2026\/01\/Sent-Message-cuate-1.png?resize=768%2C763&amp;ssl=1 768w, https:\/\/i0.wp.com\/matiasgatti.com\/wp-content\/uploads\/2026\/01\/Sent-Message-cuate-1.png?resize=1536%2C1525&amp;ssl=1 1536w, https:\/\/i0.wp.com\/matiasgatti.com\/wp-content\/uploads\/2026\/01\/Sent-Message-cuate-1.png?resize=12%2C12&amp;ssl=1 12w, https:\/\/i0.wp.com\/matiasgatti.com\/wp-content\/uploads\/2026\/01\/Sent-Message-cuate-1.png?w=1726&amp;ssl=1 1726w\" sizes=\"auto, (max-width: 1000px) 100vw, 1000px\" \/><\/figure>\n<\/div>\n<\/div>","protected":false},"excerpt":{"rendered":"<p>contacto, mail, tel\u00e9fono<\/p>","protected":false},"author":4,"featured_media":0,"parent":0,"menu_order":2,"comment_status":"closed","ping_status":"closed","template":"page-no-title","meta":{"footnotes":""},"class_list":["post-19","page","type-page","status-publish","hentry"],"yoast_head":"<!-- This site is optimized with the Yoast SEO plugin v27.5 - https:\/\/yoast.com\/product\/yoast-seo-wordpress\/ -->\n<title>Matias Gatti - Formulario de Contacto<\/title>\n<meta name=\"description\" content=\"Medios de contacto. Mail y Tel\u00e9fono.\" \/>\n<meta name=\"robots\" content=\"index, follow, max-snippet:-1, max-image-preview:large, max-video-preview:-1\" \/>\n<link rel=\"canonical\" href=\"https:\/\/matiasgatti.com\/en\/contacto\/\" \/>\n<meta property=\"og:locale\" content=\"en_GB\" \/>\n<meta property=\"og:type\" content=\"article\" \/>\n<meta property=\"og:title\" content=\"Matias Gatti - Formulario de Contacto\" \/>\n<meta property=\"og:description\" content=\"Medios de contacto. Mail y Tel\u00e9fono.\" \/>\n<meta property=\"og:url\" content=\"https:\/\/matiasgatti.com\/en\/contacto\/\" \/>\n<meta property=\"og:site_name\" content=\"MATIAS GATTI\" \/>\n<meta property=\"article:modified_time\" content=\"2026-01-15T15:47:56+00:00\" \/>\n<meta property=\"og:image\" content=\"https:\/\/matiasgatti.com\/wp-content\/uploads\/2026\/01\/Sent-Message-cuate-1-1024x1017.png\" \/>\n<meta name=\"twitter:card\" content=\"summary_large_image\" \/>\n<meta name=\"twitter:site\" content=\"@matgattimusica\" \/>\n<meta name=\"twitter:label1\" content=\"Estimated reading time\" \/>\n\t<meta name=\"twitter:data1\" content=\"1 minute\" \/>\n<script type=\"application\/ld+json\" class=\"yoast-schema-graph\">{\"@context\":\"https:\\\/\\\/schema.org\",\"@graph\":[{\"@type\":\"WebPage\",\"@id\":\"https:\\\/\\\/matiasgatti.com\\\/contacto\\\/\",\"url\":\"https:\\\/\\\/matiasgatti.com\\\/contacto\\\/\",\"name\":\"Matias Gatti - Formulario de Contacto\",\"isPartOf\":{\"@id\":\"https:\\\/\\\/matiasgatti.com\\\/#website\"},\"primaryImageOfPage\":{\"@id\":\"https:\\\/\\\/matiasgatti.com\\\/contacto\\\/#primaryimage\"},\"image\":{\"@id\":\"https:\\\/\\\/matiasgatti.com\\\/contacto\\\/#primaryimage\"},\"thumbnailUrl\":\"https:\\\/\\\/matiasgatti.com\\\/wp-content\\\/uploads\\\/2026\\\/01\\\/Sent-Message-cuate-1-1024x1017.png\",\"datePublished\":\"2017-10-16T18:25:44+00:00\",\"dateModified\":\"2026-01-15T15:47:56+00:00\",\"description\":\"Medios de contacto. Mail y Tel\u00e9fono.\",\"breadcrumb\":{\"@id\":\"https:\\\/\\\/matiasgatti.com\\\/contacto\\\/#breadcrumb\"},\"inLanguage\":\"en-GB\",\"potentialAction\":[{\"@type\":\"ReadAction\",\"target\":[\"https:\\\/\\\/matiasgatti.com\\\/contacto\\\/\"]}]},{\"@type\":\"ImageObject\",\"inLanguage\":\"en-GB\",\"@id\":\"https:\\\/\\\/matiasgatti.com\\\/contacto\\\/#primaryimage\",\"url\":\"https:\\\/\\\/matiasgatti.com\\\/wp-content\\\/uploads\\\/2026\\\/01\\\/Sent-Message-cuate-1-1024x1017.png\",\"contentUrl\":\"https:\\\/\\\/matiasgatti.com\\\/wp-content\\\/uploads\\\/2026\\\/01\\\/Sent-Message-cuate-1-1024x1017.png\"},{\"@type\":\"BreadcrumbList\",\"@id\":\"https:\\\/\\\/matiasgatti.com\\\/contacto\\\/#breadcrumb\",\"itemListElement\":[{\"@type\":\"ListItem\",\"position\":1,\"name\":\"Portada\",\"item\":\"https:\\\/\\\/matiasgatti.com\\\/\"},{\"@type\":\"ListItem\",\"position\":2,\"name\":\"CONTACTO\"}]},{\"@type\":\"WebSite\",\"@id\":\"https:\\\/\\\/matiasgatti.com\\\/#website\",\"url\":\"https:\\\/\\\/matiasgatti.com\\\/\",\"name\":\"MATIAS GATTI\",\"description\":\"M\u00fasico e Ingeniero de Audio\",\"publisher\":{\"@id\":\"https:\\\/\\\/matiasgatti.com\\\/#\\\/schema\\\/person\\\/4cde0e2e2382cd525fd95844831030b6\"},\"potentialAction\":[{\"@type\":\"SearchAction\",\"target\":{\"@type\":\"EntryPoint\",\"urlTemplate\":\"https:\\\/\\\/matiasgatti.com\\\/?s={search_term_string}\"},\"query-input\":{\"@type\":\"PropertyValueSpecification\",\"valueRequired\":true,\"valueName\":\"search_term_string\"}}],\"inLanguage\":\"en-GB\"},{\"@type\":[\"Person\",\"Organization\"],\"@id\":\"https:\\\/\\\/matiasgatti.com\\\/#\\\/schema\\\/person\\\/4cde0e2e2382cd525fd95844831030b6\",\"name\":\"Mat\u00edas Gatti\",\"image\":{\"@type\":\"ImageObject\",\"inLanguage\":\"en-GB\",\"@id\":\"https:\\\/\\\/i0.wp.com\\\/matiasgatti.com\\\/wp-content\\\/uploads\\\/2019\\\/11\\\/cropped-cropped-cropped-img_7424-7.jpg?fit=1723%2C969&ssl=1\",\"url\":\"https:\\\/\\\/i0.wp.com\\\/matiasgatti.com\\\/wp-content\\\/uploads\\\/2019\\\/11\\\/cropped-cropped-cropped-img_7424-7.jpg?fit=1723%2C969&ssl=1\",\"contentUrl\":\"https:\\\/\\\/i0.wp.com\\\/matiasgatti.com\\\/wp-content\\\/uploads\\\/2019\\\/11\\\/cropped-cropped-cropped-img_7424-7.jpg?fit=1723%2C969&ssl=1\",\"width\":1723,\"height\":969,\"caption\":\"Mat\u00edas Gatti\"},\"logo\":{\"@id\":\"https:\\\/\\\/i0.wp.com\\\/matiasgatti.com\\\/wp-content\\\/uploads\\\/2019\\\/11\\\/cropped-cropped-cropped-img_7424-7.jpg?fit=1723%2C969&ssl=1\"}}]}<\/script>\n<!-- \/ Yoast SEO plugin. -->","yoast_head_json":{"title":"Matias Gatti - Formulario de Contacto","description":"Medios de contacto. Mail y Tel\u00e9fono.","robots":{"index":"index","follow":"follow","max-snippet":"max-snippet:-1","max-image-preview":"max-image-preview:large","max-video-preview":"max-video-preview:-1"},"canonical":"https:\/\/matiasgatti.com\/en\/contacto\/","og_locale":"en_GB","og_type":"article","og_title":"Matias Gatti - Formulario de Contacto","og_description":"Medios de contacto. Mail y Tel\u00e9fono.","og_url":"https:\/\/matiasgatti.com\/en\/contacto\/","og_site_name":"MATIAS GATTI","article_modified_time":"2026-01-15T15:47:56+00:00","og_image":[{"url":"https:\/\/matiasgatti.com\/wp-content\/uploads\/2026\/01\/Sent-Message-cuate-1-1024x1017.png","type":"","width":"","height":""}],"twitter_card":"summary_large_image","twitter_site":"@matgattimusica","twitter_misc":{"Estimated reading time":"1 minute"},"schema":{"@context":"https:\/\/schema.org","@graph":[{"@type":"WebPage","@id":"https:\/\/matiasgatti.com\/contacto\/","url":"https:\/\/matiasgatti.com\/contacto\/","name":"Matias Gatti - Formulario de Contacto","isPartOf":{"@id":"https:\/\/matiasgatti.com\/#website"},"primaryImageOfPage":{"@id":"https:\/\/matiasgatti.com\/contacto\/#primaryimage"},"image":{"@id":"https:\/\/matiasgatti.com\/contacto\/#primaryimage"},"thumbnailUrl":"https:\/\/matiasgatti.com\/wp-content\/uploads\/2026\/01\/Sent-Message-cuate-1-1024x1017.png","datePublished":"2017-10-16T18:25:44+00:00","dateModified":"2026-01-15T15:47:56+00:00","description":"Medios de contacto. Mail y Tel\u00e9fono.","breadcrumb":{"@id":"https:\/\/matiasgatti.com\/contacto\/#breadcrumb"},"inLanguage":"en-GB","potentialAction":[{"@type":"ReadAction","target":["https:\/\/matiasgatti.com\/contacto\/"]}]},{"@type":"ImageObject","inLanguage":"en-GB","@id":"https:\/\/matiasgatti.com\/contacto\/#primaryimage","url":"https:\/\/matiasgatti.com\/wp-content\/uploads\/2026\/01\/Sent-Message-cuate-1-1024x1017.png","contentUrl":"https:\/\/matiasgatti.com\/wp-content\/uploads\/2026\/01\/Sent-Message-cuate-1-1024x1017.png"},{"@type":"BreadcrumbList","@id":"https:\/\/matiasgatti.com\/contacto\/#breadcrumb","itemListElement":[{"@type":"ListItem","position":1,"name":"Portada","item":"https:\/\/matiasgatti.com\/"},{"@type":"ListItem","position":2,"name":"CONTACTO"}]},{"@type":"WebSite","@id":"https:\/\/matiasgatti.com\/#website","url":"https:\/\/matiasgatti.com\/","name":"MATIAS GATTI","description":"Musician and Audio Engineer","publisher":{"@id":"https:\/\/matiasgatti.com\/#\/schema\/person\/4cde0e2e2382cd525fd95844831030b6"},"potentialAction":[{"@type":"SearchAction","target":{"@type":"EntryPoint","urlTemplate":"https:\/\/matiasgatti.com\/?s={search_term_string}"},"query-input":{"@type":"PropertyValueSpecification","valueRequired":true,"valueName":"search_term_string"}}],"inLanguage":"en-GB"},{"@type":["Person","Organization"],"@id":"https:\/\/matiasgatti.com\/#\/schema\/person\/4cde0e2e2382cd525fd95844831030b6","name":"Mat\u00edas Gatti","image":{"@type":"ImageObject","inLanguage":"en-GB","@id":"https:\/\/i0.wp.com\/matiasgatti.com\/wp-content\/uploads\/2019\/11\/cropped-cropped-cropped-img_7424-7.jpg?fit=1723%2C969&ssl=1","url":"https:\/\/i0.wp.com\/matiasgatti.com\/wp-content\/uploads\/2019\/11\/cropped-cropped-cropped-img_7424-7.jpg?fit=1723%2C969&ssl=1","contentUrl":"https:\/\/i0.wp.com\/matiasgatti.com\/wp-content\/uploads\/2019\/11\/cropped-cropped-cropped-img_7424-7.jpg?fit=1723%2C969&ssl=1","width":1723,"height":969,"caption":"Mat\u00edas Gatti"},"logo":{"@id":"https:\/\/i0.wp.com\/matiasgatti.com\/wp-content\/uploads\/2019\/11\/cropped-cropped-cropped-img_7424-7.jpg?fit=1723%2C969&ssl=1"}}]}},"jetpack_shortlink":"https:\/\/wp.me\/PcgS0M-j","jetpack_sharing_enabled":false,"_links":{"self":[{"href":"https:\/\/matiasgatti.com\/en\/wp-json\/wp\/v2\/pages\/19","targetHints":{"allow":["GET"]}}],"collection":[{"href":"https:\/\/matiasgatti.com\/en\/wp-json\/wp\/v2\/pages"}],"about":[{"href":"https:\/\/matiasgatti.com\/en\/wp-json\/wp\/v2\/types\/page"}],"author":[{"embeddable":true,"href":"https:\/\/matiasgatti.com\/en\/wp-json\/wp\/v2\/users\/4"}],"replies":[{"embeddable":true,"href":"https:\/\/matiasgatti.com\/en\/wp-json\/wp\/v2\/comments?post=19"}],"version-history":[{"count":28,"href":"https:\/\/matiasgatti.com\/en\/wp-json\/wp\/v2\/pages\/19\/revisions"}],"predecessor-version":[{"id":3195,"href":"https:\/\/matiasgatti.com\/en\/wp-json\/wp\/v2\/pages\/19\/revisions\/3195"}],"wp:attachment":[{"href":"https:\/\/matiasgatti.com\/en\/wp-json\/wp\/v2\/media?parent=19"}],"curies":[{"name":"wp","href":"https:\/\/api.w.org\/{rel}","templated":true}]}}