{"id":253,"date":"2017-11-07T15:42:15","date_gmt":"2017-11-07T15:42:15","guid":{"rendered":"http:\/\/matiasgatti.com\/?page_id=253"},"modified":"2026-01-10T20:03:28","modified_gmt":"2026-01-10T23:03:28","slug":"clases","status":"publish","type":"page","link":"https:\/\/matiasgatti.com\/en\/clases\/","title":{"rendered":"Lessons"},"content":{"rendered":"<div class=\"wp-block-columns is-layout-flex wp-container-core-columns-is-layout-d0b3c9c8 wp-block-columns-is-layout-flex\">\n<div class=\"wp-block-column is-layout-flow wp-block-column-is-layout-flow\" style=\"flex-basis:66.66%\">\n<h1 class=\"wp-block-heading is-style-text-subtitle is-style-text-subtitle--1\">Clases de Guitarra, Bajo, Ukelele y Producci\u00f3n Musical<\/h1>\n<\/div>\n\n\n\n<div class=\"wp-block-column is-layout-flow wp-block-column-is-layout-flow\" style=\"flex-basis:33.33%\">\n<div class=\"wp-block-jetpack-send-a-message\">\n<div class=\"wp-block-jetpack-whatsapp-button alignright is-color-dark\"><a class=\"whatsapp-block__button\" href=\"https:\/\/api.whatsapp.com\/send?phone=5491130816440&amp;text=Hola%2C%20tengo%20tu%20informaci%C3%B3n%20de%20WhatsApp%20de%20tu%20web.\" style=\"background-color:#25D366;color:#fff\" target=\"_blank\" rel=\"noopener noreferrer\">WhatsApp Chat<\/a><\/div>\n<\/div>\n<\/div>\n<\/div>\n\n\n\n<p class=\"has-text-align-justify\">Classes are a space for all ages, where you can learn about your instrument and music in general. <\/p>\n\n\n\n<p class=\"has-text-align-justify\">\u2022 Guitar<br>\u2022 Music Production.<br>\u2022 Bass<br>\u2022 Ukelele<\/p>\n\n\n\n<p class=\"has-text-align-justify _2cuy _50a1 _2vxa\"><strong>With over 15 years of experience, I have notes created by me and a whole series of recognized pedagogical elements.<\/strong><\/p>\n\n\n\n<p class=\"has-text-align-justify\">I believe there is no single, definitive method. Each person needs to work on certain aspects, and different topics or approaches may be interesting or enjoyable to them. All the information and bibliography are available for specific and individual goals. Moreover, all this time dedicated to teaching has allowed me to create numerous notes covering a wide variety of topics, scales, fingerings, songbooks, and transcriptions.<\/p>\n\n\n\n<p class=\"has-text-align-justify\">Many times, the classes take on the orientation of a tutorial. It involves guiding and advising students in what they are looking for. If they want to learn songs, we will look for their favorites. If the idea is to improve technique or prepare for a conservatory exam, we will use study material and the necessary tools. If the focus is on music production, we will work on recording and music software. There are many examples like these, as diverse as the students themselves.<\/p>\n\n\n\n<p class=\"has-text-align-justify\"><strong>So, the classes will be personalized.<\/strong> We will use the appropriate repertoire and study material for each case.<\/p>\n\n\n\n<div style=\"height:30px\" aria-hidden=\"true\" class=\"wp-block-spacer\"><\/div>\n\n\n\n<div class=\"wp-block-group has-custom-color-3-color has-custom-color-4-background-color has-text-color has-background has-link-color wp-elements-d480c9a9120dbc24f28237e7517c63e0 is-layout-flow wp-block-group-is-layout-flow tw-block-animation tw-animation-scale-in tw-duration-4\" style=\"--tw-animation-delay:0.5s;border-style:none;border-width:0px;margin-top:var(--wp--preset--spacing--20);margin-bottom:var(--wp--preset--spacing--20);padding-top:var(--wp--preset--spacing--30);padding-right:var(--wp--preset--spacing--30);padding-bottom:var(--wp--preset--spacing--30);padding-left:var(--wp--preset--spacing--30)\">\n<p class=\"is-style-text-subtitle has-custom-color-3-color has-text-color is-style-text-subtitle--2\">Student Testimonials<\/p>\n\n\n\n<div class=\"wp-block-columns alignwide is-layout-flex wp-container-core-columns-is-layout-d0b3c9c8 wp-block-columns-is-layout-flex\">\n<div class=\"wp-block-column has-custom-color-3-color has-custom-color-7-background-color has-text-color has-background has-link-color wp-elements-d719991913938cf0d5ee129253b3a75f is-layout-flow wp-container-core-column-is-layout-2a10179c wp-block-column-is-layout-flow\" style=\"border-width:8px;border-radius:24px;padding-top:var(--wp--preset--spacing--30);padding-right:var(--wp--preset--spacing--30);padding-bottom:var(--wp--preset--spacing--30);padding-left:var(--wp--preset--spacing--30)\">\n<blockquote class=\"wp-block-quote has-custom-color-7-background-color has-background has-medium-font-size is-layout-flow wp-block-quote-is-layout-flow\">\n<p class=\"is-style-default has-custom-color-3-color has-text-color has-link-color wp-elements-622344304ca3b42ad38596e71863d858\">\u201cI started learning guitar from scratch, and in just a few months I was already able to play several full songs. He has a great ability to explain and transmit knowledge.\u201d<\/p>\n\n\n\n<p class=\"has-small-font-size\">\u2b50\u2b50\u2b50\u2b50\u2b50<\/p>\n\n\n\n<p class=\"has-small-font-size\"><em>Pablo, guitar student<\/em><\/p>\n<\/blockquote>\n<\/div>\n\n\n\n<div class=\"wp-block-column has-custom-color-3-color has-custom-color-7-background-color has-text-color has-background has-link-color wp-elements-2e9aabd26c59efc1eed4d3fd1ff01e91 is-layout-flow wp-container-core-column-is-layout-2a10179c wp-block-column-is-layout-flow\" style=\"border-width:8px;border-radius:24px;padding-top:var(--wp--preset--spacing--30);padding-right:var(--wp--preset--spacing--30);padding-bottom:var(--wp--preset--spacing--30);padding-left:var(--wp--preset--spacing--30)\">\n<blockquote class=\"wp-block-quote has-custom-color-7-background-color has-background has-medium-font-size is-layout-flow wp-block-quote-is-layout-flow\">\n<p class=\"is-style-default has-custom-color-3-color has-text-color has-link-color wp-elements-380447f681c2b55ecc79dba0a05d9d13\">\u201cExcellent teacher. Both on ukulele and guitar, he is very didactic, patient, and clear when explaining concepts.\u201d<\/p>\n\n\n\n<p class=\"has-small-font-size\">\u2b50\u2b50\u2b50\u2b50\u2b50<\/p>\n\n\n\n<p class=\"has-small-font-size\"><em>Luciano, guitar and ukulele student<\/em><\/p>\n<\/blockquote>\n<\/div>\n\n\n\n<div class=\"wp-block-column has-custom-color-3-color has-custom-color-7-background-color has-text-color has-background has-link-color wp-elements-ce02836116c52d9a11149638089a2f98 is-layout-flow wp-container-core-column-is-layout-2a10179c wp-block-column-is-layout-flow\" style=\"border-width:8px;border-radius:24px;padding-top:var(--wp--preset--spacing--30);padding-right:var(--wp--preset--spacing--30);padding-bottom:var(--wp--preset--spacing--30);padding-left:var(--wp--preset--spacing--30)\">\n<blockquote class=\"wp-block-quote has-custom-color-7-background-color has-background has-medium-font-size is-layout-flow wp-block-quote-is-layout-flow\">\n<p class=\"is-style-default has-custom-color-3-color has-text-color has-link-color wp-elements-d8e967df4e400cc9ec10104a27c71ae4\">\u201cMat\u00edas is a patient and motivating teacher who makes the learning experience very enjoyable.\u201d<\/p>\n\n\n\n<p class=\"has-small-font-size\">\u2b50\u2b50\u2b50\u2b50\u2b50<\/p>\n\n\n\n<p class=\"has-small-font-size\"><em>Mariel, guitar student<\/em><\/p>\n<\/blockquote>\n<\/div>\n<\/div>\n\n\n\n<p class=\"has-custom-color-3-color has-text-color has-link-color has-small-font-size wp-elements-5367b6d5cf5b0ab8491f1f1f130816df\"><a href=\"https:\/\/maps.app.goo.gl\/Y9DsfHrYyV1PsueX9\" target=\"_blank\" rel=\"noreferrer noopener\">\u25b6 See more reviews on Google<\/a><\/p>\n<\/div>\n\n\n\n<div style=\"height:20px\" aria-hidden=\"true\" class=\"wp-block-spacer\"><\/div>\n\n\n\n<div style=\"height:45px\" aria-hidden=\"true\" class=\"wp-block-spacer\"><\/div>\n\n\n\n<figure class=\"wp-block-embed is-type-video is-provider-youtube wp-block-embed-youtube wp-embed-aspect-16-9 wp-has-aspect-ratio\" style=\"margin-top:var(--wp--preset--spacing--30);margin-right:var(--wp--preset--spacing--60);margin-bottom:var(--wp--preset--spacing--30);margin-left:var(--wp--preset--spacing--60)\"><div class=\"wp-block-embed__wrapper\">\n<iframe loading=\"lazy\" title=\"REZO POR VOS (Garc\u00eda - Spinetta) Alumnos en cuarentena #clasesdeguitarra #clasesdecanto\" width=\"500\" height=\"281\" src=\"https:\/\/www.youtube.com\/embed\/nnhUChLZR74?feature=oembed\" frameborder=\"0\" allow=\"accelerometer; autoplay; clipboard-write; encrypted-media; gyroscope; picture-in-picture; web-share\" referrerpolicy=\"strict-origin-when-cross-origin\" allowfullscreen><\/iframe>\n<\/div><figcaption class=\"wp-element-caption\">Video made with students from their homes.<\/figcaption><\/figure>\n\n\n\n<div style=\"height:20px\" aria-hidden=\"true\" class=\"wp-block-spacer\"><\/div>\n\n\n\n<h3 class=\"wp-block-heading _2cuy _50a1 _2vxa\"><span class=\"_4yxo\">Teaching Method:<\/span><\/h3>\n\n\n\n<p class=\"has-text-align-justify _2cuy _50a1 _2vxa\">In addition to approaching the <span class=\"_4yxo\">musical pieces proposed by the students<\/span>, the classes are designed to cover three main points:<\/p>\n\n\n\n<p class=\"has-text-align-justify _2cuy _50a1 _2vxa\">&#8211; <span class=\"_4yxp\"><em><strong>The technique of the instrument<\/strong><\/em>, using methods such as Suzuki, Carlevaro, Modern Method for Guitar from Berklee, Sagreras, and many others. We will use studies and methods from the classical school but also technical studies from the vast literature of popular genres (tango, jazz, folklore, rock).<\/span><\/p>\n\n\n\n<p class=\"has-text-align-justify _2cuy _50a1 _2vxa\"><span class=\"_4yxp\">&#8211; <em><strong>The language of music<\/strong><\/em>: harmony, counterpoint, improvisation, rhythm, scales, sight-reading, stylistic elements of each genre (rock, folklore, tango, etc.), analysis of structures, solo analysis. This part is essential so that, in addition to being able to \"move\" the fingers, we understand what is happening and deeply comprehend what we hear. Understanding the language means being able to reproduce and interpret it.<\/span><\/p>\n\n\n\n<p class=\"has-text-align-justify _2cuy _50a1 _2vxa\"><span class=\"_4yxp\">&#8211; <em><strong>The creativity of the student<\/strong><\/em>, where all the learned elements come together, creating compositions and arrangements of their own or popular repertoire. Also composing solos and accompaniments, both in a traditional manner and in real-time or, as we commonly say, improvising.<\/span><\/p>","protected":false},"excerpt":{"rendered":"<p>Informaci\u00f3n sobre las Clases de Guitarra y M\u00fasica<\/p>","protected":false},"author":4,"featured_media":0,"parent":0,"menu_order":0,"comment_status":"closed","ping_status":"closed","template":"wp-custom-template-p-gina-ancho-completo","meta":{"footnotes":""},"class_list":["post-253","page","type-page","status-publish","hentry"],"yoast_head":"<!-- This site is optimized with the Yoast SEO plugin v27.5 - https:\/\/yoast.com\/product\/yoast-seo-wordpress\/ -->\n<title>Clases de guitarra en Caballito | Online y presencial<\/title>\n<meta name=\"description\" content=\"Clases de guitarra personalizadas en Caballito y online. El\u00e9ctrica y cl\u00e1sica. Para principiantes, intermedios y avanzados. Consult\u00e1 horarios.\" \/>\n<meta name=\"robots\" content=\"index, follow, max-snippet:-1, max-image-preview:large, max-video-preview:-1\" \/>\n<link rel=\"canonical\" href=\"https:\/\/matiasgatti.com\/en\/clases\/\" \/>\n<meta property=\"og:locale\" content=\"en_GB\" \/>\n<meta property=\"og:type\" content=\"article\" \/>\n<meta property=\"og:title\" content=\"Clases de guitarra en Caballito | Online y presencial\" \/>\n<meta property=\"og:description\" content=\"Clases de guitarra personalizadas en Caballito y online. El\u00e9ctrica y cl\u00e1sica. Para principiantes, intermedios y avanzados. Consult\u00e1 horarios.\" \/>\n<meta property=\"og:url\" content=\"https:\/\/matiasgatti.com\/en\/clases\/\" \/>\n<meta property=\"og:site_name\" content=\"MATIAS GATTI\" \/>\n<meta property=\"article:modified_time\" content=\"2026-01-10T23:03:28+00:00\" \/>\n<meta name=\"twitter:card\" content=\"summary_large_image\" \/>\n<meta name=\"twitter:site\" content=\"@matgattimusica\" \/>\n<meta name=\"twitter:label1\" content=\"Estimated reading time\" \/>\n\t<meta name=\"twitter:data1\" content=\"2 minutes\" \/>\n<script type=\"application\/ld+json\" class=\"yoast-schema-graph\">{\"@context\":\"https:\\\/\\\/schema.org\",\"@graph\":[{\"@type\":\"WebPage\",\"@id\":\"https:\\\/\\\/matiasgatti.com\\\/clases\\\/\",\"url\":\"https:\\\/\\\/matiasgatti.com\\\/clases\\\/\",\"name\":\"Clases de guitarra en Caballito | Online y presencial\",\"isPartOf\":{\"@id\":\"https:\\\/\\\/matiasgatti.com\\\/#website\"},\"datePublished\":\"2017-11-07T15:42:15+00:00\",\"dateModified\":\"2026-01-10T23:03:28+00:00\",\"description\":\"Clases de guitarra personalizadas en Caballito y online. El\u00e9ctrica y cl\u00e1sica. Para principiantes, intermedios y avanzados. Consult\u00e1 horarios.\",\"breadcrumb\":{\"@id\":\"https:\\\/\\\/matiasgatti.com\\\/clases\\\/#breadcrumb\"},\"inLanguage\":\"en-GB\",\"potentialAction\":[{\"@type\":\"ReadAction\",\"target\":[\"https:\\\/\\\/matiasgatti.com\\\/clases\\\/\"]}]},{\"@type\":\"BreadcrumbList\",\"@id\":\"https:\\\/\\\/matiasgatti.com\\\/clases\\\/#breadcrumb\",\"itemListElement\":[{\"@type\":\"ListItem\",\"position\":1,\"name\":\"Portada\",\"item\":\"https:\\\/\\\/matiasgatti.com\\\/\"},{\"@type\":\"ListItem\",\"position\":2,\"name\":\"Clases\"}]},{\"@type\":\"WebSite\",\"@id\":\"https:\\\/\\\/matiasgatti.com\\\/#website\",\"url\":\"https:\\\/\\\/matiasgatti.com\\\/\",\"name\":\"MATIAS GATTI\",\"description\":\"M\u00fasico e Ingeniero de Audio\",\"publisher\":{\"@id\":\"https:\\\/\\\/matiasgatti.com\\\/#\\\/schema\\\/person\\\/4cde0e2e2382cd525fd95844831030b6\"},\"potentialAction\":[{\"@type\":\"SearchAction\",\"target\":{\"@type\":\"EntryPoint\",\"urlTemplate\":\"https:\\\/\\\/matiasgatti.com\\\/?s={search_term_string}\"},\"query-input\":{\"@type\":\"PropertyValueSpecification\",\"valueRequired\":true,\"valueName\":\"search_term_string\"}}],\"inLanguage\":\"en-GB\"},{\"@type\":[\"Person\",\"Organization\"],\"@id\":\"https:\\\/\\\/matiasgatti.com\\\/#\\\/schema\\\/person\\\/4cde0e2e2382cd525fd95844831030b6\",\"name\":\"Mat\u00edas Gatti\",\"image\":{\"@type\":\"ImageObject\",\"inLanguage\":\"en-GB\",\"@id\":\"https:\\\/\\\/i0.wp.com\\\/matiasgatti.com\\\/wp-content\\\/uploads\\\/2019\\\/11\\\/cropped-cropped-cropped-img_7424-7.jpg?fit=1723%2C969&ssl=1\",\"url\":\"https:\\\/\\\/i0.wp.com\\\/matiasgatti.com\\\/wp-content\\\/uploads\\\/2019\\\/11\\\/cropped-cropped-cropped-img_7424-7.jpg?fit=1723%2C969&ssl=1\",\"contentUrl\":\"https:\\\/\\\/i0.wp.com\\\/matiasgatti.com\\\/wp-content\\\/uploads\\\/2019\\\/11\\\/cropped-cropped-cropped-img_7424-7.jpg?fit=1723%2C969&ssl=1\",\"width\":1723,\"height\":969,\"caption\":\"Mat\u00edas Gatti\"},\"logo\":{\"@id\":\"https:\\\/\\\/i0.wp.com\\\/matiasgatti.com\\\/wp-content\\\/uploads\\\/2019\\\/11\\\/cropped-cropped-cropped-img_7424-7.jpg?fit=1723%2C969&ssl=1\"}}]}<\/script>\n<!-- \/ Yoast SEO plugin. -->","yoast_head_json":{"title":"Clases de guitarra en Caballito | Online y presencial","description":"Clases de guitarra personalizadas en Caballito y online. El\u00e9ctrica y cl\u00e1sica. Para principiantes, intermedios y avanzados. Consult\u00e1 horarios.","robots":{"index":"index","follow":"follow","max-snippet":"max-snippet:-1","max-image-preview":"max-image-preview:large","max-video-preview":"max-video-preview:-1"},"canonical":"https:\/\/matiasgatti.com\/en\/clases\/","og_locale":"en_GB","og_type":"article","og_title":"Clases de guitarra en Caballito | Online y presencial","og_description":"Clases de guitarra personalizadas en Caballito y online. El\u00e9ctrica y cl\u00e1sica. Para principiantes, intermedios y avanzados. Consult\u00e1 horarios.","og_url":"https:\/\/matiasgatti.com\/en\/clases\/","og_site_name":"MATIAS GATTI","article_modified_time":"2026-01-10T23:03:28+00:00","twitter_card":"summary_large_image","twitter_site":"@matgattimusica","twitter_misc":{"Estimated reading time":"2 minutes"},"schema":{"@context":"https:\/\/schema.org","@graph":[{"@type":"WebPage","@id":"https:\/\/matiasgatti.com\/clases\/","url":"https:\/\/matiasgatti.com\/clases\/","name":"Clases de guitarra en Caballito | Online y presencial","isPartOf":{"@id":"https:\/\/matiasgatti.com\/#website"},"datePublished":"2017-11-07T15:42:15+00:00","dateModified":"2026-01-10T23:03:28+00:00","description":"Clases de guitarra personalizadas en Caballito y online. El\u00e9ctrica y cl\u00e1sica. Para principiantes, intermedios y avanzados. Consult\u00e1 horarios.","breadcrumb":{"@id":"https:\/\/matiasgatti.com\/clases\/#breadcrumb"},"inLanguage":"en-GB","potentialAction":[{"@type":"ReadAction","target":["https:\/\/matiasgatti.com\/clases\/"]}]},{"@type":"BreadcrumbList","@id":"https:\/\/matiasgatti.com\/clases\/#breadcrumb","itemListElement":[{"@type":"ListItem","position":1,"name":"Portada","item":"https:\/\/matiasgatti.com\/"},{"@type":"ListItem","position":2,"name":"Clases"}]},{"@type":"WebSite","@id":"https:\/\/matiasgatti.com\/#website","url":"https:\/\/matiasgatti.com\/","name":"MATIAS GATTI","description":"Musician and Audio Engineer","publisher":{"@id":"https:\/\/matiasgatti.com\/#\/schema\/person\/4cde0e2e2382cd525fd95844831030b6"},"potentialAction":[{"@type":"SearchAction","target":{"@type":"EntryPoint","urlTemplate":"https:\/\/matiasgatti.com\/?s={search_term_string}"},"query-input":{"@type":"PropertyValueSpecification","valueRequired":true,"valueName":"search_term_string"}}],"inLanguage":"en-GB"},{"@type":["Person","Organization"],"@id":"https:\/\/matiasgatti.com\/#\/schema\/person\/4cde0e2e2382cd525fd95844831030b6","name":"Mat\u00edas Gatti","image":{"@type":"ImageObject","inLanguage":"en-GB","@id":"https:\/\/i0.wp.com\/matiasgatti.com\/wp-content\/uploads\/2019\/11\/cropped-cropped-cropped-img_7424-7.jpg?fit=1723%2C969&ssl=1","url":"https:\/\/i0.wp.com\/matiasgatti.com\/wp-content\/uploads\/2019\/11\/cropped-cropped-cropped-img_7424-7.jpg?fit=1723%2C969&ssl=1","contentUrl":"https:\/\/i0.wp.com\/matiasgatti.com\/wp-content\/uploads\/2019\/11\/cropped-cropped-cropped-img_7424-7.jpg?fit=1723%2C969&ssl=1","width":1723,"height":969,"caption":"Mat\u00edas Gatti"},"logo":{"@id":"https:\/\/i0.wp.com\/matiasgatti.com\/wp-content\/uploads\/2019\/11\/cropped-cropped-cropped-img_7424-7.jpg?fit=1723%2C969&ssl=1"}}]}},"jetpack_shortlink":"https:\/\/wp.me\/PcgS0M-45","jetpack_sharing_enabled":true,"_links":{"self":[{"href":"https:\/\/matiasgatti.com\/en\/wp-json\/wp\/v2\/pages\/253","targetHints":{"allow":["GET"]}}],"collection":[{"href":"https:\/\/matiasgatti.com\/en\/wp-json\/wp\/v2\/pages"}],"about":[{"href":"https:\/\/matiasgatti.com\/en\/wp-json\/wp\/v2\/types\/page"}],"author":[{"embeddable":true,"href":"https:\/\/matiasgatti.com\/en\/wp-json\/wp\/v2\/users\/4"}],"replies":[{"embeddable":true,"href":"https:\/\/matiasgatti.com\/en\/wp-json\/wp\/v2\/comments?post=253"}],"version-history":[{"count":83,"href":"https:\/\/matiasgatti.com\/en\/wp-json\/wp\/v2\/pages\/253\/revisions"}],"predecessor-version":[{"id":3053,"href":"https:\/\/matiasgatti.com\/en\/wp-json\/wp\/v2\/pages\/253\/revisions\/3053"}],"wp:attachment":[{"href":"https:\/\/matiasgatti.com\/en\/wp-json\/wp\/v2\/media?parent=253"}],"curies":[{"name":"wp","href":"https:\/\/api.w.org\/{rel}","templated":true}]}}