{"id":608,"date":"2020-07-16T17:18:39","date_gmt":"2020-07-16T20:18:39","guid":{"rendered":"https:\/\/matiasgatti.wordpress.com\/?page_id=608"},"modified":"2025-12-06T15:28:34","modified_gmt":"2025-12-06T18:28:34","slug":"pagina-de-inicio","status":"publish","type":"page","link":"https:\/\/matiasgatti.com\/en\/","title":{"rendered":"P\u00e1gina de Inicio"},"content":{"rendered":"<div class=\"wp-block-group is-style-default has-global-padding is-layout-constrained wp-block-group-is-layout-constrained\">\n<figure class=\"wp-block-image size-full has-custom-border\" style=\"margin-top:0;margin-right:0;margin-bottom:0;margin-left:0\"><img data-recalc-dims=\"1\" decoding=\"async\" src=\"https:\/\/i0.wp.com\/matiasgatti.com\/wp-content\/uploads\/2019\/11\/cropped-cropped-img_7424-7.jpg?ssl=1\" alt=\"\" class=\"wp-image-2129\" style=\"border-style:none;border-width:0px;border-radius:0px;object-fit:cover\"\/><\/figure>\n<\/div>\n\n\n\n<p><\/p>","protected":false},"excerpt":{"rendered":"","protected":false},"author":4,"featured_media":0,"parent":0,"menu_order":0,"comment_status":"closed","ping_status":"closed","template":"","meta":{"footnotes":""},"class_list":["post-608","page","type-page","status-publish","hentry"],"yoast_head":"<!-- This site is optimized with the Yoast SEO plugin v27.5 - https:\/\/yoast.com\/product\/yoast-seo-wordpress\/ -->\n<title>Mat\u00edas Gatti<\/title>\n<meta name=\"description\" content=\"Mat\u00edas Gatti - M\u00fasico e Ingeniero de Audio. Biograf\u00eda \/ Portfolio \/ Clases \/ Contacto\" \/>\n<meta name=\"robots\" content=\"index, follow, max-snippet:-1, max-image-preview:large, max-video-preview:-1\" \/>\n<link rel=\"canonical\" href=\"https:\/\/matiasgatti.com\/en\/\" \/>\n<meta property=\"og:locale\" content=\"en_GB\" \/>\n<meta property=\"og:type\" content=\"article\" \/>\n<meta property=\"og:title\" content=\"Mat\u00edas Gatti\" \/>\n<meta property=\"og:description\" content=\"Mat\u00edas Gatti - M\u00fasico e Ingeniero de Audio. Biograf\u00eda \/ Portfolio \/ Clases \/ Contacto\" \/>\n<meta property=\"og:url\" content=\"https:\/\/matiasgatti.com\/en\/\" \/>\n<meta property=\"og:site_name\" content=\"MATIAS GATTI\" \/>\n<meta property=\"article:modified_time\" content=\"2025-12-06T18:28:34+00:00\" \/>\n<meta property=\"og:image\" content=\"https:\/\/matiasgatti.com\/wp-content\/uploads\/2019\/11\/cropped-cropped-img_7424-7.jpg\" \/>\n<meta name=\"twitter:card\" content=\"summary_large_image\" \/>\n<meta name=\"twitter:site\" content=\"@matgattimusica\" \/>\n<meta name=\"twitter:label1\" content=\"Estimated reading time\" \/>\n\t<meta name=\"twitter:data1\" content=\"1 minute\" \/>\n<script type=\"application\/ld+json\" class=\"yoast-schema-graph\">{\"@context\":\"https:\\\/\\\/schema.org\",\"@graph\":[{\"@type\":\"WebPage\",\"@id\":\"https:\\\/\\\/matiasgatti.com\\\/\",\"url\":\"https:\\\/\\\/matiasgatti.com\\\/\",\"name\":\"Mat\u00edas Gatti\",\"isPartOf\":{\"@id\":\"https:\\\/\\\/matiasgatti.com\\\/#website\"},\"primaryImageOfPage\":{\"@id\":\"https:\\\/\\\/matiasgatti.com\\\/#primaryimage\"},\"image\":{\"@id\":\"https:\\\/\\\/matiasgatti.com\\\/#primaryimage\"},\"thumbnailUrl\":\"https:\\\/\\\/matiasgatti.com\\\/wp-content\\\/uploads\\\/2019\\\/11\\\/cropped-cropped-img_7424-7.jpg\",\"datePublished\":\"2020-07-16T20:18:39+00:00\",\"dateModified\":\"2025-12-06T18:28:34+00:00\",\"description\":\"Mat\u00edas Gatti - M\u00fasico e Ingeniero de Audio. Biograf\u00eda \\\/ Portfolio \\\/ Clases \\\/ Contacto\",\"breadcrumb\":{\"@id\":\"https:\\\/\\\/matiasgatti.com\\\/#breadcrumb\"},\"inLanguage\":\"en-GB\",\"potentialAction\":[{\"@type\":\"ReadAction\",\"target\":[\"https:\\\/\\\/matiasgatti.com\\\/\"]}]},{\"@type\":\"ImageObject\",\"inLanguage\":\"en-GB\",\"@id\":\"https:\\\/\\\/matiasgatti.com\\\/#primaryimage\",\"url\":\"https:\\\/\\\/matiasgatti.com\\\/wp-content\\\/uploads\\\/2019\\\/11\\\/cropped-cropped-img_7424-7.jpg\",\"contentUrl\":\"https:\\\/\\\/matiasgatti.com\\\/wp-content\\\/uploads\\\/2019\\\/11\\\/cropped-cropped-img_7424-7.jpg\"},{\"@type\":\"BreadcrumbList\",\"@id\":\"https:\\\/\\\/matiasgatti.com\\\/#breadcrumb\",\"itemListElement\":[{\"@type\":\"ListItem\",\"position\":1,\"name\":\"Portada\",\"item\":\"https:\\\/\\\/matiasgatti.com\\\/\"},{\"@type\":\"ListItem\",\"position\":2,\"name\":\"P\u00e1gina de Inicio\"}]},{\"@type\":\"WebSite\",\"@id\":\"https:\\\/\\\/matiasgatti.com\\\/#website\",\"url\":\"https:\\\/\\\/matiasgatti.com\\\/\",\"name\":\"MATIAS GATTI\",\"description\":\"M\u00fasico e Ingeniero de Audio\",\"publisher\":{\"@id\":\"https:\\\/\\\/matiasgatti.com\\\/#\\\/schema\\\/person\\\/4cde0e2e2382cd525fd95844831030b6\"},\"potentialAction\":[{\"@type\":\"SearchAction\",\"target\":{\"@type\":\"EntryPoint\",\"urlTemplate\":\"https:\\\/\\\/matiasgatti.com\\\/?s={search_term_string}\"},\"query-input\":{\"@type\":\"PropertyValueSpecification\",\"valueRequired\":true,\"valueName\":\"search_term_string\"}}],\"inLanguage\":\"en-GB\"},{\"@type\":[\"Person\",\"Organization\"],\"@id\":\"https:\\\/\\\/matiasgatti.com\\\/#\\\/schema\\\/person\\\/4cde0e2e2382cd525fd95844831030b6\",\"name\":\"Mat\u00edas Gatti\",\"image\":{\"@type\":\"ImageObject\",\"inLanguage\":\"en-GB\",\"@id\":\"https:\\\/\\\/i0.wp.com\\\/matiasgatti.com\\\/wp-content\\\/uploads\\\/2019\\\/11\\\/cropped-cropped-cropped-img_7424-7.jpg?fit=1723%2C969&ssl=1\",\"url\":\"https:\\\/\\\/i0.wp.com\\\/matiasgatti.com\\\/wp-content\\\/uploads\\\/2019\\\/11\\\/cropped-cropped-cropped-img_7424-7.jpg?fit=1723%2C969&ssl=1\",\"contentUrl\":\"https:\\\/\\\/i0.wp.com\\\/matiasgatti.com\\\/wp-content\\\/uploads\\\/2019\\\/11\\\/cropped-cropped-cropped-img_7424-7.jpg?fit=1723%2C969&ssl=1\",\"width\":1723,\"height\":969,\"caption\":\"Mat\u00edas Gatti\"},\"logo\":{\"@id\":\"https:\\\/\\\/i0.wp.com\\\/matiasgatti.com\\\/wp-content\\\/uploads\\\/2019\\\/11\\\/cropped-cropped-cropped-img_7424-7.jpg?fit=1723%2C969&ssl=1\"}}]}<\/script>\n<!-- \/ Yoast SEO plugin. -->","yoast_head_json":{"title":"Mat\u00edas Gatti","description":"Mat\u00edas Gatti - M\u00fasico e Ingeniero de Audio. Biograf\u00eda \/ Portfolio \/ Clases \/ Contacto","robots":{"index":"index","follow":"follow","max-snippet":"max-snippet:-1","max-image-preview":"max-image-preview:large","max-video-preview":"max-video-preview:-1"},"canonical":"https:\/\/matiasgatti.com\/en\/","og_locale":"en_GB","og_type":"article","og_title":"Mat\u00edas Gatti","og_description":"Mat\u00edas Gatti - M\u00fasico e Ingeniero de Audio. Biograf\u00eda \/ Portfolio \/ Clases \/ Contacto","og_url":"https:\/\/matiasgatti.com\/en\/","og_site_name":"MATIAS GATTI","article_modified_time":"2025-12-06T18:28:34+00:00","og_image":[{"url":"https:\/\/matiasgatti.com\/wp-content\/uploads\/2019\/11\/cropped-cropped-img_7424-7.jpg","type":"","width":"","height":""}],"twitter_card":"summary_large_image","twitter_site":"@matgattimusica","twitter_misc":{"Estimated reading time":"1 minute"},"schema":{"@context":"https:\/\/schema.org","@graph":[{"@type":"WebPage","@id":"https:\/\/matiasgatti.com\/","url":"https:\/\/matiasgatti.com\/","name":"Mat\u00edas Gatti","isPartOf":{"@id":"https:\/\/matiasgatti.com\/#website"},"primaryImageOfPage":{"@id":"https:\/\/matiasgatti.com\/#primaryimage"},"image":{"@id":"https:\/\/matiasgatti.com\/#primaryimage"},"thumbnailUrl":"https:\/\/matiasgatti.com\/wp-content\/uploads\/2019\/11\/cropped-cropped-img_7424-7.jpg","datePublished":"2020-07-16T20:18:39+00:00","dateModified":"2025-12-06T18:28:34+00:00","description":"Mat\u00edas Gatti - M\u00fasico e Ingeniero de Audio. Biograf\u00eda \/ Portfolio \/ Clases \/ Contacto","breadcrumb":{"@id":"https:\/\/matiasgatti.com\/#breadcrumb"},"inLanguage":"en-GB","potentialAction":[{"@type":"ReadAction","target":["https:\/\/matiasgatti.com\/"]}]},{"@type":"ImageObject","inLanguage":"en-GB","@id":"https:\/\/matiasgatti.com\/#primaryimage","url":"https:\/\/matiasgatti.com\/wp-content\/uploads\/2019\/11\/cropped-cropped-img_7424-7.jpg","contentUrl":"https:\/\/matiasgatti.com\/wp-content\/uploads\/2019\/11\/cropped-cropped-img_7424-7.jpg"},{"@type":"BreadcrumbList","@id":"https:\/\/matiasgatti.com\/#breadcrumb","itemListElement":[{"@type":"ListItem","position":1,"name":"Portada","item":"https:\/\/matiasgatti.com\/"},{"@type":"ListItem","position":2,"name":"P\u00e1gina de Inicio"}]},{"@type":"WebSite","@id":"https:\/\/matiasgatti.com\/#website","url":"https:\/\/matiasgatti.com\/","name":"MATIAS GATTI","description":"Musician and Audio Engineer","publisher":{"@id":"https:\/\/matiasgatti.com\/#\/schema\/person\/4cde0e2e2382cd525fd95844831030b6"},"potentialAction":[{"@type":"SearchAction","target":{"@type":"EntryPoint","urlTemplate":"https:\/\/matiasgatti.com\/?s={search_term_string}"},"query-input":{"@type":"PropertyValueSpecification","valueRequired":true,"valueName":"search_term_string"}}],"inLanguage":"en-GB"},{"@type":["Person","Organization"],"@id":"https:\/\/matiasgatti.com\/#\/schema\/person\/4cde0e2e2382cd525fd95844831030b6","name":"Mat\u00edas Gatti","image":{"@type":"ImageObject","inLanguage":"en-GB","@id":"https:\/\/i0.wp.com\/matiasgatti.com\/wp-content\/uploads\/2019\/11\/cropped-cropped-cropped-img_7424-7.jpg?fit=1723%2C969&ssl=1","url":"https:\/\/i0.wp.com\/matiasgatti.com\/wp-content\/uploads\/2019\/11\/cropped-cropped-cropped-img_7424-7.jpg?fit=1723%2C969&ssl=1","contentUrl":"https:\/\/i0.wp.com\/matiasgatti.com\/wp-content\/uploads\/2019\/11\/cropped-cropped-cropped-img_7424-7.jpg?fit=1723%2C969&ssl=1","width":1723,"height":969,"caption":"Mat\u00edas Gatti"},"logo":{"@id":"https:\/\/i0.wp.com\/matiasgatti.com\/wp-content\/uploads\/2019\/11\/cropped-cropped-cropped-img_7424-7.jpg?fit=1723%2C969&ssl=1"}}]}},"jetpack_shortlink":"https:\/\/wp.me\/PcgS0M-9O","jetpack_sharing_enabled":true,"_links":{"self":[{"href":"https:\/\/matiasgatti.com\/en\/wp-json\/wp\/v2\/pages\/608","targetHints":{"allow":["GET"]}}],"collection":[{"href":"https:\/\/matiasgatti.com\/en\/wp-json\/wp\/v2\/pages"}],"about":[{"href":"https:\/\/matiasgatti.com\/en\/wp-json\/wp\/v2\/types\/page"}],"author":[{"embeddable":true,"href":"https:\/\/matiasgatti.com\/en\/wp-json\/wp\/v2\/users\/4"}],"replies":[{"embeddable":true,"href":"https:\/\/matiasgatti.com\/en\/wp-json\/wp\/v2\/comments?post=608"}],"version-history":[{"count":51,"href":"https:\/\/matiasgatti.com\/en\/wp-json\/wp\/v2\/pages\/608\/revisions"}],"predecessor-version":[{"id":2718,"href":"https:\/\/matiasgatti.com\/en\/wp-json\/wp\/v2\/pages\/608\/revisions\/2718"}],"wp:attachment":[{"href":"https:\/\/matiasgatti.com\/en\/wp-json\/wp\/v2\/media?parent=608"}],"curies":[{"name":"wp","href":"https:\/\/api.w.org\/{rel}","templated":true}]}}