{"id":61,"date":"2017-11-07T00:23:00","date_gmt":"2017-11-07T03:23:00","guid":{"rendered":"http:\/\/matiasgatti.com\/?page_id=61"},"modified":"2026-03-19T16:32:38","modified_gmt":"2026-03-19T19:32:38","slug":"bio","status":"publish","type":"page","link":"https:\/\/matiasgatti.com\/en\/bio\/","title":{"rendered":"Bio"},"content":{"rendered":"<hr class=\"wp-block-separator has-alpha-channel-opacity\"\/>\n\n\n\n<h3 class=\"wp-block-heading\">I am a guitarist, composer, and music producer.<\/h3>\n\n\n\n<p class=\"has-text-align-justify\">I work from my studio creating my own music and collaborating with artists and diverse projects, both as a performer and as a producer and audio engineer. My approach combines artistic sensitivity, craft, and listening: I\u2019m interested in building music with identity, whether in a song, an arrangement, a production, or in the teaching process.<\/p>\n\n\n\n<details class=\"wp-block-details has-custom-color-3-color has-custom-color-7-background-color has-text-color has-background has-link-color wp-elements-e3d11f203cd0069e98b3e06a728f4ae7 is-layout-flow wp-block-details-is-layout-flow\"><summary>Read full bio<\/summary>\n<p>My relationship with music began early, driven by curiosity and the need to explore sound as a form of expression. Over time, the guitar became my main instrument, and composition a space in which to articulate ideas, emotions, and personal explorations.<\/p>\n\n\n\n<p>Over the years, I have developed a diverse path that spans performance, composition, and music production. I work on both my own projects and in collaboration with other artists, taking on different roles depending on the needs of each project: guitarist, arranger, producer, or audio engineer.<\/p>\n\n\n\n<div style=\"height:30px\" aria-hidden=\"true\" class=\"wp-block-spacer\"><\/div>\n\n\n\n<figure class=\"wp-block-image aligncenter is-resized alignnone size-full wp-image-177\"><img data-recalc-dims=\"1\" loading=\"lazy\" decoding=\"async\" width=\"720\" height=\"478\" data-attachment-id=\"177\" data-permalink=\"https:\/\/matiasgatti.com\/en\/bio\/12038540_1161902833839106_2839074087706359903_n\/\" data-orig-file=\"https:\/\/i0.wp.com\/matiasgatti.com\/wp-content\/uploads\/2017\/11\/12038540_1161902833839106_2839074087706359903_n.jpg?fit=720%2C478&amp;ssl=1\" data-orig-size=\"720,478\" data-comments-opened=\"1\" data-image-meta=\"{&quot;aperture&quot;:&quot;0&quot;,&quot;credit&quot;:&quot;&quot;,&quot;camera&quot;:&quot;&quot;,&quot;caption&quot;:&quot;&quot;,&quot;created_timestamp&quot;:&quot;0&quot;,&quot;copyright&quot;:&quot;&quot;,&quot;focal_length&quot;:&quot;0&quot;,&quot;iso&quot;:&quot;0&quot;,&quot;shutter_speed&quot;:&quot;0&quot;,&quot;title&quot;:&quot;&quot;,&quot;orientation&quot;:&quot;0&quot;}\" data-image-title=\"\" data-image-description=\"&lt;p&gt;guitarrista matias gatti folklore&lt;\/p&gt;\" data-image-caption=\"\" data-large-file=\"https:\/\/i0.wp.com\/matiasgatti.com\/wp-content\/uploads\/2017\/11\/12038540_1161902833839106_2839074087706359903_n.jpg?fit=720%2C478&amp;ssl=1\" src=\"https:\/\/i0.wp.com\/matiasgatti.com\/wp-content\/uploads\/2017\/11\/12038540_1161902833839106_2839074087706359903_n.jpg?resize=720%2C478\" alt=\"\" class=\"wp-image-177\" style=\"aspect-ratio:1.5070921985815602;object-fit:cover;width:656px\" srcset=\"https:\/\/i0.wp.com\/matiasgatti.com\/wp-content\/uploads\/2017\/11\/12038540_1161902833839106_2839074087706359903_n.jpg?w=720&amp;ssl=1 720w, https:\/\/i0.wp.com\/matiasgatti.com\/wp-content\/uploads\/2017\/11\/12038540_1161902833839106_2839074087706359903_n.jpg?resize=300%2C199&amp;ssl=1 300w, https:\/\/i0.wp.com\/matiasgatti.com\/wp-content\/uploads\/2017\/11\/12038540_1161902833839106_2839074087706359903_n.jpg?resize=120%2C80&amp;ssl=1 120w, https:\/\/i0.wp.com\/matiasgatti.com\/wp-content\/uploads\/2017\/11\/12038540_1161902833839106_2839074087706359903_n.jpg?resize=360%2C240&amp;ssl=1 360w\" sizes=\"auto, (max-width: 720px) 100vw, 720px\" \/><figcaption class=\"wp-element-caption\">Memory from 18 years old. Concert at Pe\u00f1a Nativa Mart\u00edn Fierro.<\/figcaption><\/figure>\n\n\n\n<p>While I have academic training in music and audio, my approach is deeply rooted in practice and direct experience with musical creation. I aim for each project to have identity, coherence, and a clear artistic intent, beyond styles or formats.<\/p>\n\n\n\n<div style=\"height:30px\" aria-hidden=\"true\" class=\"wp-block-spacer\"><\/div>\n\n\n\n<figure class=\"wp-block-image aligncenter size-large is-resized alignnone size-full wp-image-196\"><img data-recalc-dims=\"1\" loading=\"lazy\" decoding=\"async\" width=\"1024\" height=\"576\" data-attachment-id=\"1824\" data-permalink=\"https:\/\/matiasgatti.com\/en\/bio\/1-recorte\/\" data-orig-file=\"https:\/\/i0.wp.com\/matiasgatti.com\/wp-content\/uploads\/2023\/11\/1-recorte.jpg?fit=2048%2C1152&amp;ssl=1\" data-orig-size=\"2048,1152\" data-comments-opened=\"1\" data-image-meta=\"{&quot;aperture&quot;:&quot;5&quot;,&quot;credit&quot;:&quot;&quot;,&quot;camera&quot;:&quot;Canon EOS 6D&quot;,&quot;caption&quot;:&quot;&quot;,&quot;created_timestamp&quot;:&quot;1570317016&quot;,&quot;copyright&quot;:&quot;&quot;,&quot;focal_length&quot;:&quot;24&quot;,&quot;iso&quot;:&quot;8000&quot;,&quot;shutter_speed&quot;:&quot;0.008&quot;,&quot;title&quot;:&quot;&quot;,&quot;orientation&quot;:&quot;1&quot;}\" data-image-title=\"\" data-image-description=\"\" data-image-caption=\"\" data-large-file=\"https:\/\/i0.wp.com\/matiasgatti.com\/wp-content\/uploads\/2023\/11\/1-recorte.jpg?fit=1024%2C576&amp;ssl=1\" src=\"https:\/\/i0.wp.com\/matiasgatti.com\/wp-content\/uploads\/2023\/11\/1-recorte.jpg?resize=1024%2C576&#038;ssl=1\" alt=\"\" class=\"wp-image-1824\" style=\"width:656px\" srcset=\"https:\/\/i0.wp.com\/matiasgatti.com\/wp-content\/uploads\/2023\/11\/1-recorte.jpg?resize=1024%2C576&amp;ssl=1 1024w, https:\/\/i0.wp.com\/matiasgatti.com\/wp-content\/uploads\/2023\/11\/1-recorte.jpg?resize=300%2C169&amp;ssl=1 300w, https:\/\/i0.wp.com\/matiasgatti.com\/wp-content\/uploads\/2023\/11\/1-recorte.jpg?resize=768%2C432&amp;ssl=1 768w, https:\/\/i0.wp.com\/matiasgatti.com\/wp-content\/uploads\/2023\/11\/1-recorte.jpg?resize=1536%2C864&amp;ssl=1 1536w, https:\/\/i0.wp.com\/matiasgatti.com\/wp-content\/uploads\/2023\/11\/1-recorte.jpg?resize=990%2C556&amp;ssl=1 990w, https:\/\/i0.wp.com\/matiasgatti.com\/wp-content\/uploads\/2023\/11\/1-recorte.jpg?resize=1920%2C1080&amp;ssl=1 1920w, https:\/\/i0.wp.com\/matiasgatti.com\/wp-content\/uploads\/2023\/11\/1-recorte.jpg?w=2048&amp;ssl=1 2048w\" sizes=\"auto, (max-width: 1000px) 100vw, 1000px\" \/><figcaption class=\"wp-element-caption\">Concert.<\/figcaption><\/figure>\n\n\n\n<p>From my studio, I work on production, recording, mixing, and mastering, supporting creative processes from the initial idea to the finished work. In parallel, teaching plays a central role in my activity: giving lessons is a way to keep learning, to organize musical thinking, and to share tools with those who are beginning or deepening their path.<\/p>\n\n\n\n<p>I understand my journey as a weave of experiences, projects, and learning. Each collaboration, each work, and each exchange adds a new thread to a musical practice that remains in progress, guided by the search for meaning, sound, and identity.<\/p>\n<\/details>\n\n\n\n<div style=\"height:30px\" aria-hidden=\"true\" class=\"wp-block-spacer\"><\/div>\n\n\n\n<figure class=\"wp-block-image aligncenter size-large is-resized\"><img data-recalc-dims=\"1\" loading=\"lazy\" decoding=\"async\" width=\"1024\" height=\"683\" data-attachment-id=\"3300\" data-permalink=\"https:\/\/matiasgatti.com\/en\/bio\/img_7424\/\" data-orig-file=\"https:\/\/i0.wp.com\/matiasgatti.com\/wp-content\/uploads\/2026\/03\/IMG_7424.jpg?fit=2048%2C1365&amp;ssl=1\" data-orig-size=\"2048,1365\" data-comments-opened=\"0\" data-image-meta=\"{&quot;aperture&quot;:&quot;5&quot;,&quot;credit&quot;:&quot;&quot;,&quot;camera&quot;:&quot;Canon EOS 6D&quot;,&quot;caption&quot;:&quot;&quot;,&quot;created_timestamp&quot;:&quot;1570316823&quot;,&quot;copyright&quot;:&quot;&quot;,&quot;focal_length&quot;:&quot;47&quot;,&quot;iso&quot;:&quot;8000&quot;,&quot;shutter_speed&quot;:&quot;0.005&quot;,&quot;title&quot;:&quot;&quot;,&quot;orientation&quot;:&quot;0&quot;}\" data-image-title=\"IMG_7424\" data-image-description=\"\" data-image-caption=\"\" data-large-file=\"https:\/\/i0.wp.com\/matiasgatti.com\/wp-content\/uploads\/2026\/03\/IMG_7424.jpg?fit=1024%2C683&amp;ssl=1\" src=\"https:\/\/i0.wp.com\/matiasgatti.com\/wp-content\/uploads\/2026\/03\/IMG_7424.jpg?resize=1024%2C683&#038;ssl=1\" alt=\"\" class=\"wp-image-3300\" style=\"object-fit:cover;width:1045px;height:auto\" srcset=\"https:\/\/i0.wp.com\/matiasgatti.com\/wp-content\/uploads\/2026\/03\/IMG_7424.jpg?resize=1024%2C683&amp;ssl=1 1024w, https:\/\/i0.wp.com\/matiasgatti.com\/wp-content\/uploads\/2026\/03\/IMG_7424.jpg?resize=300%2C200&amp;ssl=1 300w, https:\/\/i0.wp.com\/matiasgatti.com\/wp-content\/uploads\/2026\/03\/IMG_7424.jpg?resize=768%2C512&amp;ssl=1 768w, https:\/\/i0.wp.com\/matiasgatti.com\/wp-content\/uploads\/2026\/03\/IMG_7424.jpg?resize=1536%2C1024&amp;ssl=1 1536w, https:\/\/i0.wp.com\/matiasgatti.com\/wp-content\/uploads\/2026\/03\/IMG_7424.jpg?resize=18%2C12&amp;ssl=1 18w, https:\/\/i0.wp.com\/matiasgatti.com\/wp-content\/uploads\/2026\/03\/IMG_7424.jpg?resize=600%2C400&amp;ssl=1 600w, https:\/\/i0.wp.com\/matiasgatti.com\/wp-content\/uploads\/2026\/03\/IMG_7424.jpg?w=2048&amp;ssl=1 2048w\" sizes=\"auto, (max-width: 1000px) 100vw, 1000px\" \/><\/figure>","protected":false},"excerpt":{"rendered":"<p>C.V. y Biograf\u00eda. Matias Gatti<\/p>","protected":false},"author":4,"featured_media":0,"parent":0,"menu_order":0,"comment_status":"closed","ping_status":"closed","template":"","meta":{"footnotes":""},"class_list":["post-61","page","type-page","status-publish","hentry"],"yoast_head":"<!-- This site is optimized with the Yoast SEO plugin v27.5 - https:\/\/yoast.com\/product\/yoast-seo-wordpress\/ -->\n<title>Matias Gatti. M\u00fasico. Biograf\u00eda, Curriculum Vitae y m\u00e1s.<\/title>\n<meta name=\"description\" content=\"Guitarrista, compositor y productor musical. Trabaja en proyectos propios y colaboraciones, ofreciendo producci\u00f3n, mezcla y clases de guitarra desde su estudio propio.\" \/>\n<meta name=\"robots\" content=\"index, follow, max-snippet:-1, max-image-preview:large, max-video-preview:-1\" \/>\n<link rel=\"canonical\" href=\"https:\/\/matiasgatti.com\/en\/bio\/\" \/>\n<meta property=\"og:locale\" content=\"en_GB\" \/>\n<meta property=\"og:type\" content=\"article\" \/>\n<meta property=\"og:title\" content=\"Matias Gatti. M\u00fasico. Biograf\u00eda, Curriculum Vitae y m\u00e1s.\" \/>\n<meta property=\"og:description\" content=\"Guitarrista, compositor y productor musical. Trabaja en proyectos propios y colaboraciones, ofreciendo producci\u00f3n, mezcla y clases de guitarra desde su estudio propio.\" \/>\n<meta property=\"og:url\" content=\"https:\/\/matiasgatti.com\/en\/bio\/\" \/>\n<meta property=\"og:site_name\" content=\"MATIAS GATTI\" \/>\n<meta property=\"article:modified_time\" content=\"2026-03-19T19:32:38+00:00\" \/>\n<meta property=\"og:image\" content=\"http:\/\/matiasgatti.com\/wp-content\/uploads\/2017\/11\/12038540_1161902833839106_2839074087706359903_n.jpg\" \/>\n<meta name=\"twitter:card\" content=\"summary_large_image\" \/>\n<meta name=\"twitter:site\" content=\"@matgattimusica\" \/>\n<meta name=\"twitter:label1\" content=\"Estimated reading time\" \/>\n\t<meta name=\"twitter:data1\" content=\"3 minutes\" \/>\n<script type=\"application\/ld+json\" class=\"yoast-schema-graph\">{\"@context\":\"https:\\\/\\\/schema.org\",\"@graph\":[{\"@type\":\"WebPage\",\"@id\":\"https:\\\/\\\/matiasgatti.com\\\/bio\\\/\",\"url\":\"https:\\\/\\\/matiasgatti.com\\\/bio\\\/\",\"name\":\"Matias Gatti. M\u00fasico. Biograf\u00eda, Curriculum Vitae y m\u00e1s.\",\"isPartOf\":{\"@id\":\"https:\\\/\\\/matiasgatti.com\\\/#website\"},\"primaryImageOfPage\":{\"@id\":\"https:\\\/\\\/matiasgatti.com\\\/bio\\\/#primaryimage\"},\"image\":{\"@id\":\"https:\\\/\\\/matiasgatti.com\\\/bio\\\/#primaryimage\"},\"thumbnailUrl\":\"http:\\\/\\\/matiasgatti.com\\\/wp-content\\\/uploads\\\/2017\\\/11\\\/12038540_1161902833839106_2839074087706359903_n.jpg\",\"datePublished\":\"2017-11-07T03:23:00+00:00\",\"dateModified\":\"2026-03-19T19:32:38+00:00\",\"description\":\"Guitarrista, compositor y productor musical. Trabaja en proyectos propios y colaboraciones, ofreciendo producci\u00f3n, mezcla y clases de guitarra desde su estudio propio.\",\"breadcrumb\":{\"@id\":\"https:\\\/\\\/matiasgatti.com\\\/bio\\\/#breadcrumb\"},\"inLanguage\":\"en-GB\",\"potentialAction\":[{\"@type\":\"ReadAction\",\"target\":[\"https:\\\/\\\/matiasgatti.com\\\/bio\\\/\"]}]},{\"@type\":\"ImageObject\",\"inLanguage\":\"en-GB\",\"@id\":\"https:\\\/\\\/matiasgatti.com\\\/bio\\\/#primaryimage\",\"url\":\"http:\\\/\\\/matiasgatti.com\\\/wp-content\\\/uploads\\\/2017\\\/11\\\/12038540_1161902833839106_2839074087706359903_n.jpg\",\"contentUrl\":\"http:\\\/\\\/matiasgatti.com\\\/wp-content\\\/uploads\\\/2017\\\/11\\\/12038540_1161902833839106_2839074087706359903_n.jpg\"},{\"@type\":\"BreadcrumbList\",\"@id\":\"https:\\\/\\\/matiasgatti.com\\\/bio\\\/#breadcrumb\",\"itemListElement\":[{\"@type\":\"ListItem\",\"position\":1,\"name\":\"Portada\",\"item\":\"https:\\\/\\\/matiasgatti.com\\\/\"},{\"@type\":\"ListItem\",\"position\":2,\"name\":\"Bio\"}]},{\"@type\":\"WebSite\",\"@id\":\"https:\\\/\\\/matiasgatti.com\\\/#website\",\"url\":\"https:\\\/\\\/matiasgatti.com\\\/\",\"name\":\"MATIAS GATTI\",\"description\":\"M\u00fasico e Ingeniero de Audio\",\"publisher\":{\"@id\":\"https:\\\/\\\/matiasgatti.com\\\/#\\\/schema\\\/person\\\/4cde0e2e2382cd525fd95844831030b6\"},\"potentialAction\":[{\"@type\":\"SearchAction\",\"target\":{\"@type\":\"EntryPoint\",\"urlTemplate\":\"https:\\\/\\\/matiasgatti.com\\\/?s={search_term_string}\"},\"query-input\":{\"@type\":\"PropertyValueSpecification\",\"valueRequired\":true,\"valueName\":\"search_term_string\"}}],\"inLanguage\":\"en-GB\"},{\"@type\":[\"Person\",\"Organization\"],\"@id\":\"https:\\\/\\\/matiasgatti.com\\\/#\\\/schema\\\/person\\\/4cde0e2e2382cd525fd95844831030b6\",\"name\":\"Mat\u00edas Gatti\",\"image\":{\"@type\":\"ImageObject\",\"inLanguage\":\"en-GB\",\"@id\":\"https:\\\/\\\/i0.wp.com\\\/matiasgatti.com\\\/wp-content\\\/uploads\\\/2019\\\/11\\\/cropped-cropped-cropped-img_7424-7.jpg?fit=1723%2C969&ssl=1\",\"url\":\"https:\\\/\\\/i0.wp.com\\\/matiasgatti.com\\\/wp-content\\\/uploads\\\/2019\\\/11\\\/cropped-cropped-cropped-img_7424-7.jpg?fit=1723%2C969&ssl=1\",\"contentUrl\":\"https:\\\/\\\/i0.wp.com\\\/matiasgatti.com\\\/wp-content\\\/uploads\\\/2019\\\/11\\\/cropped-cropped-cropped-img_7424-7.jpg?fit=1723%2C969&ssl=1\",\"width\":1723,\"height\":969,\"caption\":\"Mat\u00edas Gatti\"},\"logo\":{\"@id\":\"https:\\\/\\\/i0.wp.com\\\/matiasgatti.com\\\/wp-content\\\/uploads\\\/2019\\\/11\\\/cropped-cropped-cropped-img_7424-7.jpg?fit=1723%2C969&ssl=1\"}}]}<\/script>\n<!-- \/ Yoast SEO plugin. -->","yoast_head_json":{"title":"Matias Gatti. M\u00fasico. Biograf\u00eda, Curriculum Vitae y m\u00e1s.","description":"Guitarrista, compositor y productor musical. Trabaja en proyectos propios y colaboraciones, ofreciendo producci\u00f3n, mezcla y clases de guitarra desde su estudio propio.","robots":{"index":"index","follow":"follow","max-snippet":"max-snippet:-1","max-image-preview":"max-image-preview:large","max-video-preview":"max-video-preview:-1"},"canonical":"https:\/\/matiasgatti.com\/en\/bio\/","og_locale":"en_GB","og_type":"article","og_title":"Matias Gatti. M\u00fasico. Biograf\u00eda, Curriculum Vitae y m\u00e1s.","og_description":"Guitarrista, compositor y productor musical. Trabaja en proyectos propios y colaboraciones, ofreciendo producci\u00f3n, mezcla y clases de guitarra desde su estudio propio.","og_url":"https:\/\/matiasgatti.com\/en\/bio\/","og_site_name":"MATIAS GATTI","article_modified_time":"2026-03-19T19:32:38+00:00","og_image":[{"url":"http:\/\/matiasgatti.com\/wp-content\/uploads\/2017\/11\/12038540_1161902833839106_2839074087706359903_n.jpg","type":"","width":"","height":""}],"twitter_card":"summary_large_image","twitter_site":"@matgattimusica","twitter_misc":{"Estimated reading time":"3 minutes"},"schema":{"@context":"https:\/\/schema.org","@graph":[{"@type":"WebPage","@id":"https:\/\/matiasgatti.com\/bio\/","url":"https:\/\/matiasgatti.com\/bio\/","name":"Matias Gatti. M\u00fasico. Biograf\u00eda, Curriculum Vitae y m\u00e1s.","isPartOf":{"@id":"https:\/\/matiasgatti.com\/#website"},"primaryImageOfPage":{"@id":"https:\/\/matiasgatti.com\/bio\/#primaryimage"},"image":{"@id":"https:\/\/matiasgatti.com\/bio\/#primaryimage"},"thumbnailUrl":"http:\/\/matiasgatti.com\/wp-content\/uploads\/2017\/11\/12038540_1161902833839106_2839074087706359903_n.jpg","datePublished":"2017-11-07T03:23:00+00:00","dateModified":"2026-03-19T19:32:38+00:00","description":"Guitarrista, compositor y productor musical. Trabaja en proyectos propios y colaboraciones, ofreciendo producci\u00f3n, mezcla y clases de guitarra desde su estudio propio.","breadcrumb":{"@id":"https:\/\/matiasgatti.com\/bio\/#breadcrumb"},"inLanguage":"en-GB","potentialAction":[{"@type":"ReadAction","target":["https:\/\/matiasgatti.com\/bio\/"]}]},{"@type":"ImageObject","inLanguage":"en-GB","@id":"https:\/\/matiasgatti.com\/bio\/#primaryimage","url":"http:\/\/matiasgatti.com\/wp-content\/uploads\/2017\/11\/12038540_1161902833839106_2839074087706359903_n.jpg","contentUrl":"http:\/\/matiasgatti.com\/wp-content\/uploads\/2017\/11\/12038540_1161902833839106_2839074087706359903_n.jpg"},{"@type":"BreadcrumbList","@id":"https:\/\/matiasgatti.com\/bio\/#breadcrumb","itemListElement":[{"@type":"ListItem","position":1,"name":"Portada","item":"https:\/\/matiasgatti.com\/"},{"@type":"ListItem","position":2,"name":"Bio"}]},{"@type":"WebSite","@id":"https:\/\/matiasgatti.com\/#website","url":"https:\/\/matiasgatti.com\/","name":"MATIAS GATTI","description":"Musician and Audio Engineer","publisher":{"@id":"https:\/\/matiasgatti.com\/#\/schema\/person\/4cde0e2e2382cd525fd95844831030b6"},"potentialAction":[{"@type":"SearchAction","target":{"@type":"EntryPoint","urlTemplate":"https:\/\/matiasgatti.com\/?s={search_term_string}"},"query-input":{"@type":"PropertyValueSpecification","valueRequired":true,"valueName":"search_term_string"}}],"inLanguage":"en-GB"},{"@type":["Person","Organization"],"@id":"https:\/\/matiasgatti.com\/#\/schema\/person\/4cde0e2e2382cd525fd95844831030b6","name":"Mat\u00edas Gatti","image":{"@type":"ImageObject","inLanguage":"en-GB","@id":"https:\/\/i0.wp.com\/matiasgatti.com\/wp-content\/uploads\/2019\/11\/cropped-cropped-cropped-img_7424-7.jpg?fit=1723%2C969&ssl=1","url":"https:\/\/i0.wp.com\/matiasgatti.com\/wp-content\/uploads\/2019\/11\/cropped-cropped-cropped-img_7424-7.jpg?fit=1723%2C969&ssl=1","contentUrl":"https:\/\/i0.wp.com\/matiasgatti.com\/wp-content\/uploads\/2019\/11\/cropped-cropped-cropped-img_7424-7.jpg?fit=1723%2C969&ssl=1","width":1723,"height":969,"caption":"Mat\u00edas Gatti"},"logo":{"@id":"https:\/\/i0.wp.com\/matiasgatti.com\/wp-content\/uploads\/2019\/11\/cropped-cropped-cropped-img_7424-7.jpg?fit=1723%2C969&ssl=1"}}]}},"jetpack_shortlink":"https:\/\/wp.me\/PcgS0M-Z","jetpack_sharing_enabled":true,"_links":{"self":[{"href":"https:\/\/matiasgatti.com\/en\/wp-json\/wp\/v2\/pages\/61","targetHints":{"allow":["GET"]}}],"collection":[{"href":"https:\/\/matiasgatti.com\/en\/wp-json\/wp\/v2\/pages"}],"about":[{"href":"https:\/\/matiasgatti.com\/en\/wp-json\/wp\/v2\/types\/page"}],"author":[{"embeddable":true,"href":"https:\/\/matiasgatti.com\/en\/wp-json\/wp\/v2\/users\/4"}],"replies":[{"embeddable":true,"href":"https:\/\/matiasgatti.com\/en\/wp-json\/wp\/v2\/comments?post=61"}],"version-history":[{"count":90,"href":"https:\/\/matiasgatti.com\/en\/wp-json\/wp\/v2\/pages\/61\/revisions"}],"predecessor-version":[{"id":3307,"href":"https:\/\/matiasgatti.com\/en\/wp-json\/wp\/v2\/pages\/61\/revisions\/3307"}],"wp:attachment":[{"href":"https:\/\/matiasgatti.com\/en\/wp-json\/wp\/v2\/media?parent=61"}],"curies":[{"name":"wp","href":"https:\/\/api.w.org\/{rel}","templated":true}]}}